{"id":85266,"date":"2024-04-17T14:32:02","date_gmt":"2024-04-17T12:32:04","guid":{"rendered":"https:\/\/www.twistiti.com\/?post_type=product&#038;p=85266"},"modified":"2025-12-01T08:08:26","modified_gmt":"2025-12-01T07:08:26","slug":"nombres-dino-copie-3","status":"publish","type":"product","link":"https:\/\/www.twistiti.com\/fr\/produit\/nombres-dino-copie-3\/","title":{"rendered":"Nombres Cerise"},"content":{"rendered":"<ul>\n<li class=\"p1\"><span class=\"s1\">R\u00e9siste \u00e0 l\u2019eau jusqu\u2019\u00e0 50m : vos enfants pourront en profiter toute la journ\u00e9e, m\u00eame \u00e0 la piscine !<\/span><\/li>\n<li class=\"p1\"><span class=\"s1\">Barrettes \u00ab easy clip \u00bb, tr\u00e8s simples \u00e0 changer.<\/span><\/li>\n<li class=\"p1\"><span class=\"s1\">Mouvement \u00e0 quartz japonais pr\u00e9cis et fiable.<\/span><\/li>\n<li class=\"p1\"><span class=\"s1\">Cadran en couleurs s\u00e9rigraphi\u00e9es, plus fin et color\u00e9 qu\u2019un imprim\u00e9.<\/span><\/li>\n<li class=\"p1\"><span class=\"s1\">Bo\u00eetier en acier inoxydable avec vitre en verre.<\/span><\/li>\n<li class=\"p1\"><span class=\"s1\">Produit garanti 2 ans, on s\u2019occupe de tout.<\/span><\/li>\n<li class=\"p1\"><span class=\"s1\">Peut \u00eatre port\u00e9e sur des poignets de 13cm \u00e0 17cm de circonf\u00e9rence.<\/span><\/li>\n<\/ul>\n","protected":false},"excerpt":{"rendered":"<p class=\"p1\"><span class=\"s1\">Sp\u00e9cialement <strong>con\u00e7ues pour les enfants d\u00e8s 6 ans<\/strong>.<\/span><\/p>\n<p class=\"p1\"><span class=\"s1\"><strong>Ludique et \u00e9ducative<\/strong>, la montre Twistiti \u00e0 nombres est parfaite pour tous les enfants qui <strong>apprennent \u00e0 lire l\u2019heure<\/strong> comme les grands. Elle est tr\u00e8s <strong>facile \u00e0 utiliser<\/strong> avec des <strong>nombres clairs<\/strong>, <strong>lisibles<\/strong> et <strong>pleins de couleurs<\/strong> p\u00e9tillantes.<\/span><\/p>\n","protected":false},"featured_media":85511,"template":"","meta":{"_acf_changed":false},"product_cat":[30],"product_tag":[413],"class_list":{"0":"post-85266","1":"product","2":"type-product","3":"status-publish","4":"has-post-thumbnail","6":"product_cat-boitier-nombres","7":"product_tag-watch_en-2","9":"first","10":"outofstock","11":"taxable","12":"shipping-taxable","13":"purchasable","14":"product-type-simple"},"acf":[],"yoast_head":"<!-- This site is optimized with the Yoast SEO plugin v22.0 - https:\/\/yoast.com\/wordpress\/plugins\/seo\/ -->\n<title>Nombres Cerise - Twistiti: La montre p\u00e9dagogique qui apprend l&#039;heure \u00e0 vos enfants<\/title>\n<meta name=\"robots\" content=\"index, follow, max-snippet:-1, max-image-preview:large, max-video-preview:-1\" \/>\n<link rel=\"canonical\" href=\"https:\/\/www.twistiti.com\/fr\/produit\/nombres-dino-copie-3\/\" \/>\n<meta property=\"og:locale\" content=\"fr_FR\" \/>\n<meta property=\"og:type\" content=\"article\" \/>\n<meta property=\"og:title\" content=\"Nombres Cerise - Twistiti: La montre p\u00e9dagogique qui apprend l&#039;heure \u00e0 vos enfants\" \/>\n<meta property=\"og:description\" content=\"Sp\u00e9cialement con\u00e7ues pour les enfants d\u00e8s 6 ans. Ludique et \u00e9ducative, la montre Twistiti \u00e0 nombres est parfaite pour tous les enfants qui apprennent \u00e0 lire l\u2019heure comme les grands. Elle est tr\u00e8s facile \u00e0 utiliser avec des nombres clairs, lisibles et pleins de couleurs p\u00e9tillantes.\" \/>\n<meta property=\"og:url\" content=\"https:\/\/www.twistiti.com\/fr\/produit\/nombres-dino-copie-3\/\" \/>\n<meta property=\"og:site_name\" content=\"Twistiti: La montre p\u00e9dagogique qui apprend l&#039;heure \u00e0 vos enfants\" \/>\n<meta property=\"article:publisher\" content=\"https:\/\/www.facebook.com\/Twistiti\/\" \/>\n<meta property=\"article:modified_time\" content=\"2025-12-01T07:08:26+00:00\" \/>\n<meta property=\"og:image\" content=\"https:\/\/www.twistiti.com\/wp-content\/uploads\/2024\/04\/NCH-Sq.jpg\" \/>\n\t<meta property=\"og:image:width\" content=\"1080\" \/>\n\t<meta property=\"og:image:height\" content=\"1080\" \/>\n\t<meta property=\"og:image:type\" content=\"image\/jpeg\" \/>\n<meta name=\"twitter:card\" content=\"summary_large_image\" \/>\n<meta name=\"twitter:label1\" content=\"Dur\u00e9e de lecture estim\u00e9e\" \/>\n\t<meta name=\"twitter:data1\" content=\"1 minute\" \/>\n<script type=\"application\/ld+json\" class=\"yoast-schema-graph\">{\"@context\":\"https:\/\/schema.org\",\"@graph\":[{\"@type\":\"WebPage\",\"@id\":\"https:\/\/www.twistiti.com\/fr\/produit\/nombres-dino-copie-3\/\",\"url\":\"https:\/\/www.twistiti.com\/fr\/produit\/nombres-dino-copie-3\/\",\"name\":\"Nombres Cerise - Twistiti: La montre p\u00e9dagogique qui apprend l&#039;heure \u00e0 vos enfants\",\"isPartOf\":{\"@id\":\"https:\/\/www.twistiti.com\/fr\/#website\"},\"datePublished\":\"2024-04-17T12:32:04+00:00\",\"dateModified\":\"2025-12-01T07:08:26+00:00\",\"breadcrumb\":{\"@id\":\"https:\/\/www.twistiti.com\/fr\/produit\/nombres-dino-copie-3\/#breadcrumb\"},\"inLanguage\":\"fr-FR\",\"potentialAction\":[{\"@type\":\"ReadAction\",\"target\":[\"https:\/\/www.twistiti.com\/fr\/produit\/nombres-dino-copie-3\/\"]}]},{\"@type\":\"BreadcrumbList\",\"@id\":\"https:\/\/www.twistiti.com\/fr\/produit\/nombres-dino-copie-3\/#breadcrumb\",\"itemListElement\":[{\"@type\":\"ListItem\",\"position\":1,\"name\":\"Home\",\"item\":\"https:\/\/www.twistiti.com\/fr\/\"},{\"@type\":\"ListItem\",\"position\":2,\"name\":\"Boutique\",\"item\":\"https:\/\/www.twistiti.com\/fr\/?page_id=40268\"},{\"@type\":\"ListItem\",\"position\":3,\"name\":\"Nombres Cerise\"}]},{\"@type\":\"WebSite\",\"@id\":\"https:\/\/www.twistiti.com\/fr\/#website\",\"url\":\"https:\/\/www.twistiti.com\/fr\/\",\"name\":\"Twistiti: La montre p\u00e9dagogique qui apprend l&#039;heure \u00e0 vos enfants\",\"description\":\"Les montres pour enfants, solides et p\u00e9dagogiques\",\"publisher\":{\"@id\":\"https:\/\/www.twistiti.com\/fr\/#organization\"},\"potentialAction\":[{\"@type\":\"SearchAction\",\"target\":{\"@type\":\"EntryPoint\",\"urlTemplate\":\"https:\/\/www.twistiti.com\/fr\/?s={search_term_string}\"},\"query-input\":\"required name=search_term_string\"}],\"inLanguage\":\"fr-FR\"},{\"@type\":\"Organization\",\"@id\":\"https:\/\/www.twistiti.com\/fr\/#organization\",\"name\":\"Twistiti\",\"url\":\"https:\/\/www.twistiti.com\/fr\/\",\"logo\":{\"@type\":\"ImageObject\",\"inLanguage\":\"fr-FR\",\"@id\":\"https:\/\/www.twistiti.com\/fr\/#\/schema\/logo\/image\/\",\"url\":\"https:\/\/www.twistiti.com\/wp-content\/uploads\/2016\/09\/cropped-LogoWhiteBg.jpg\",\"contentUrl\":\"https:\/\/www.twistiti.com\/wp-content\/uploads\/2016\/09\/cropped-LogoWhiteBg.jpg\",\"width\":512,\"height\":512,\"caption\":\"Twistiti\"},\"image\":{\"@id\":\"https:\/\/www.twistiti.com\/fr\/#\/schema\/logo\/image\/\"},\"sameAs\":[\"https:\/\/www.facebook.com\/Twistiti\/\",\"https:\/\/www.instagram.com\/twistiti\/\",\"https:\/\/www.pinterest.com\/twistitiwatches\/\",\"https:\/\/www.youtube.com\/channel\/UCSJ3q7mMGL_9BODfmC0Bvkw\"]}]}<\/script>\n<!-- \/ Yoast SEO plugin. -->","yoast_head_json":{"title":"Nombres Cerise - Twistiti: La montre p\u00e9dagogique qui apprend l&#039;heure \u00e0 vos enfants","robots":{"index":"index","follow":"follow","max-snippet":"max-snippet:-1","max-image-preview":"max-image-preview:large","max-video-preview":"max-video-preview:-1"},"canonical":"https:\/\/www.twistiti.com\/fr\/produit\/nombres-dino-copie-3\/","og_locale":"fr_FR","og_type":"article","og_title":"Nombres Cerise - Twistiti: La montre p\u00e9dagogique qui apprend l&#039;heure \u00e0 vos enfants","og_description":"Sp\u00e9cialement con\u00e7ues pour les enfants d\u00e8s 6 ans. Ludique et \u00e9ducative, la montre Twistiti \u00e0 nombres est parfaite pour tous les enfants qui apprennent \u00e0 lire l\u2019heure comme les grands. Elle est tr\u00e8s facile \u00e0 utiliser avec des nombres clairs, lisibles et pleins de couleurs p\u00e9tillantes.","og_url":"https:\/\/www.twistiti.com\/fr\/produit\/nombres-dino-copie-3\/","og_site_name":"Twistiti: La montre p\u00e9dagogique qui apprend l&#039;heure \u00e0 vos enfants","article_publisher":"https:\/\/www.facebook.com\/Twistiti\/","article_modified_time":"2025-12-01T07:08:26+00:00","og_image":[{"width":1080,"height":1080,"url":"https:\/\/www.twistiti.com\/wp-content\/uploads\/2024\/04\/NCH-Sq.jpg","type":"image\/jpeg"}],"twitter_card":"summary_large_image","twitter_misc":{"Dur\u00e9e de lecture estim\u00e9e":"1 minute"},"schema":{"@context":"https:\/\/schema.org","@graph":[{"@type":"WebPage","@id":"https:\/\/www.twistiti.com\/fr\/produit\/nombres-dino-copie-3\/","url":"https:\/\/www.twistiti.com\/fr\/produit\/nombres-dino-copie-3\/","name":"Nombres Cerise - Twistiti: La montre p\u00e9dagogique qui apprend l&#039;heure \u00e0 vos enfants","isPartOf":{"@id":"https:\/\/www.twistiti.com\/fr\/#website"},"datePublished":"2024-04-17T12:32:04+00:00","dateModified":"2025-12-01T07:08:26+00:00","breadcrumb":{"@id":"https:\/\/www.twistiti.com\/fr\/produit\/nombres-dino-copie-3\/#breadcrumb"},"inLanguage":"fr-FR","potentialAction":[{"@type":"ReadAction","target":["https:\/\/www.twistiti.com\/fr\/produit\/nombres-dino-copie-3\/"]}]},{"@type":"BreadcrumbList","@id":"https:\/\/www.twistiti.com\/fr\/produit\/nombres-dino-copie-3\/#breadcrumb","itemListElement":[{"@type":"ListItem","position":1,"name":"Home","item":"https:\/\/www.twistiti.com\/fr\/"},{"@type":"ListItem","position":2,"name":"Boutique","item":"https:\/\/www.twistiti.com\/fr\/?page_id=40268"},{"@type":"ListItem","position":3,"name":"Nombres Cerise"}]},{"@type":"WebSite","@id":"https:\/\/www.twistiti.com\/fr\/#website","url":"https:\/\/www.twistiti.com\/fr\/","name":"Twistiti: La montre p\u00e9dagogique qui apprend l&#039;heure \u00e0 vos enfants","description":"Les montres pour enfants, solides et p\u00e9dagogiques","publisher":{"@id":"https:\/\/www.twistiti.com\/fr\/#organization"},"potentialAction":[{"@type":"SearchAction","target":{"@type":"EntryPoint","urlTemplate":"https:\/\/www.twistiti.com\/fr\/?s={search_term_string}"},"query-input":"required name=search_term_string"}],"inLanguage":"fr-FR"},{"@type":"Organization","@id":"https:\/\/www.twistiti.com\/fr\/#organization","name":"Twistiti","url":"https:\/\/www.twistiti.com\/fr\/","logo":{"@type":"ImageObject","inLanguage":"fr-FR","@id":"https:\/\/www.twistiti.com\/fr\/#\/schema\/logo\/image\/","url":"https:\/\/www.twistiti.com\/wp-content\/uploads\/2016\/09\/cropped-LogoWhiteBg.jpg","contentUrl":"https:\/\/www.twistiti.com\/wp-content\/uploads\/2016\/09\/cropped-LogoWhiteBg.jpg","width":512,"height":512,"caption":"Twistiti"},"image":{"@id":"https:\/\/www.twistiti.com\/fr\/#\/schema\/logo\/image\/"},"sameAs":["https:\/\/www.facebook.com\/Twistiti\/","https:\/\/www.instagram.com\/twistiti\/","https:\/\/www.pinterest.com\/twistitiwatches\/","https:\/\/www.youtube.com\/channel\/UCSJ3q7mMGL_9BODfmC0Bvkw"]}]}},"_links":{"self":[{"href":"https:\/\/www.twistiti.com\/fr\/wp-json\/wp\/v2\/product\/85266"}],"collection":[{"href":"https:\/\/www.twistiti.com\/fr\/wp-json\/wp\/v2\/product"}],"about":[{"href":"https:\/\/www.twistiti.com\/fr\/wp-json\/wp\/v2\/types\/product"}],"wp:featuredmedia":[{"embeddable":true,"href":"https:\/\/www.twistiti.com\/fr\/wp-json\/wp\/v2\/media\/85511"}],"wp:attachment":[{"href":"https:\/\/www.twistiti.com\/fr\/wp-json\/wp\/v2\/media?parent=85266"}],"wp:term":[{"taxonomy":"product_cat","embeddable":true,"href":"https:\/\/www.twistiti.com\/fr\/wp-json\/wp\/v2\/product_cat?post=85266"},{"taxonomy":"product_tag","embeddable":true,"href":"https:\/\/www.twistiti.com\/fr\/wp-json\/wp\/v2\/product_tag?post=85266"}],"curies":[{"name":"wp","href":"https:\/\/api.w.org\/{rel}","templated":true}]}}