{"id":73387,"date":"2022-10-14T11:06:30","date_gmt":"2022-10-14T09:06:35","guid":{"rendered":"https:\/\/www.twistiti.com\/?post_type=product&#038;p=73387"},"modified":"2025-12-16T11:24:58","modified_gmt":"2025-12-16T10:24:58","slug":"horloge-animaux","status":"publish","type":"product","link":"https:\/\/www.twistiti.com\/fr\/produit\/horloge-animaux\/","title":{"rendered":"Horloge Animaux"},"content":{"rendered":"<ul>\n<li class=\"p1\"><span class=\"s1\">Structure en aluminium<\/span><\/li>\n<li class=\"p1\">Vitre en plastique pour une s\u00e9curit\u00e9 accrue<\/li>\n<li class=\"p1\">Mouvement japonais Suzuki Sweep silencieux \u00e0 2 aiguilles<\/li>\n<li class=\"p1\">Diam\u00e8tre: 25cm<\/li>\n<li class=\"p1\">Profondeur: 50mm<\/li>\n<li class=\"p1\">Fonctionne avec 1 pile AA non incluse<\/li>\n<\/ul>\n","protected":false},"excerpt":{"rendered":"<p><strong>Prolongation jusqu&rsquo;au 14 d\u00e9cembre 2025 : \u00e0 l\u2019achat d\u2019une montre animaux, recevez une horloge animaux gratuite (valeur 39.90\u20ac).\u00a0 <\/strong><strong>Pas de retour ni d\u2019\u00e9change.\u00a0 Offre dans la limite des stocks disponibles. Offre cumulable.<\/strong><\/p>\n<p><strong>\ud83d\udc35\u26a0\ufe0f\u2764\ufe0f L&rsquo;horloge gratuite sera AUTOMATIQUEMENT ajout\u00e9e \u00e0 votre commande lors de l&rsquo;envoi.<\/strong><\/p>\n<p>&#8211;&gt; Pas de code promo, pas besoin d&rsquo;ajouter l&rsquo;horloge dans votre panier !<\/p>\n<p>&nbsp;<\/p>\n<p class=\"p1\">Sp\u00e9cialement <strong>con\u00e7ues pour les enfants d\u00e8s 3 ans<\/strong>.<\/p>\n<p class=\"p1\">Les heures et les minutes sont remplac\u00e9es par des <strong>symboles faciles \u00e0 lire<\/strong> d\u00e8s le plus jeune \u00e2ge. Id\u00e9ale pour les plus petits qui se posent des questions sur le temps qui passe.<\/p>\n","protected":false},"featured_media":73395,"template":"","meta":{"_acf_changed":false},"product_cat":[35,36],"product_tag":[],"class_list":{"0":"post-73387","1":"product","2":"type-product","3":"status-publish","4":"has-post-thumbnail","6":"product_cat-horloges","7":"product_cat-horlogesanimaux","9":"first","10":"outofstock","11":"taxable","12":"shipping-taxable","13":"purchasable","14":"product-type-simple"},"acf":[],"yoast_head":"<!-- This site is optimized with the Yoast SEO plugin v22.0 - https:\/\/yoast.com\/wordpress\/plugins\/seo\/ -->\n<title>Horloge Animaux - Twistiti: La montre p\u00e9dagogique qui apprend l&#039;heure \u00e0 vos enfants<\/title>\n<meta name=\"robots\" content=\"index, follow, max-snippet:-1, max-image-preview:large, max-video-preview:-1\" \/>\n<link rel=\"canonical\" href=\"https:\/\/www.twistiti.com\/fr\/produit\/horloge-animaux\/\" \/>\n<meta property=\"og:locale\" content=\"fr_FR\" \/>\n<meta property=\"og:type\" content=\"article\" \/>\n<meta property=\"og:title\" content=\"Horloge Animaux - Twistiti: La montre p\u00e9dagogique qui apprend l&#039;heure \u00e0 vos enfants\" \/>\n<meta property=\"og:description\" content=\"Prolongation jusqu&#039;au 14 d\u00e9cembre 2025 : \u00e0 l\u2019achat d\u2019une montre animaux, recevez une horloge animaux gratuite (valeur 39.90\u20ac).\u00a0 Pas de retour ni d\u2019\u00e9change.\u00a0 Offre dans la limite des stocks disponibles. Offre cumulable.  \ud83d\udc35\u26a0\ufe0f\u2764\ufe0f L&#039;horloge gratuite sera AUTOMATIQUEMENT ajout\u00e9e \u00e0 votre commande lors de l&#039;envoi.  --&gt; Pas de code promo, pas besoin d&#039;ajouter l&#039;horloge dans votre panier !  &nbsp; Sp\u00e9cialement con\u00e7ues pour les enfants d\u00e8s 3 ans. Les heures et les minutes sont remplac\u00e9es par des symboles faciles \u00e0 lire d\u00e8s le plus jeune \u00e2ge. Id\u00e9ale pour les plus petits qui se posent des questions sur le temps qui passe.\" \/>\n<meta property=\"og:url\" content=\"https:\/\/www.twistiti.com\/fr\/produit\/horloge-animaux\/\" \/>\n<meta property=\"og:site_name\" content=\"Twistiti: La montre p\u00e9dagogique qui apprend l&#039;heure \u00e0 vos enfants\" \/>\n<meta property=\"article:publisher\" content=\"https:\/\/www.facebook.com\/Twistiti\/\" \/>\n<meta property=\"article:modified_time\" content=\"2025-12-16T10:24:58+00:00\" \/>\n<meta property=\"og:image\" content=\"https:\/\/www.twistiti.com\/wp-content\/uploads\/2022\/10\/Twistiti_Clock2021_02_Animals01-low-web.jpg\" \/>\n\t<meta property=\"og:image:width\" content=\"1800\" \/>\n\t<meta property=\"og:image:height\" content=\"1800\" \/>\n\t<meta property=\"og:image:type\" content=\"image\/jpeg\" \/>\n<meta name=\"twitter:card\" content=\"summary_large_image\" \/>\n<meta name=\"twitter:label1\" content=\"Dur\u00e9e de lecture estim\u00e9e\" \/>\n\t<meta name=\"twitter:data1\" content=\"1 minute\" \/>\n<script type=\"application\/ld+json\" class=\"yoast-schema-graph\">{\"@context\":\"https:\/\/schema.org\",\"@graph\":[{\"@type\":\"WebPage\",\"@id\":\"https:\/\/www.twistiti.com\/fr\/produit\/horloge-animaux\/\",\"url\":\"https:\/\/www.twistiti.com\/fr\/produit\/horloge-animaux\/\",\"name\":\"Horloge Animaux - Twistiti: La montre p\u00e9dagogique qui apprend l&#039;heure \u00e0 vos enfants\",\"isPartOf\":{\"@id\":\"https:\/\/www.twistiti.com\/fr\/#website\"},\"datePublished\":\"2022-10-14T09:06:35+00:00\",\"dateModified\":\"2025-12-16T10:24:58+00:00\",\"breadcrumb\":{\"@id\":\"https:\/\/www.twistiti.com\/fr\/produit\/horloge-animaux\/#breadcrumb\"},\"inLanguage\":\"fr-FR\",\"potentialAction\":[{\"@type\":\"ReadAction\",\"target\":[\"https:\/\/www.twistiti.com\/fr\/produit\/horloge-animaux\/\"]}]},{\"@type\":\"BreadcrumbList\",\"@id\":\"https:\/\/www.twistiti.com\/fr\/produit\/horloge-animaux\/#breadcrumb\",\"itemListElement\":[{\"@type\":\"ListItem\",\"position\":1,\"name\":\"Home\",\"item\":\"https:\/\/www.twistiti.com\/fr\/\"},{\"@type\":\"ListItem\",\"position\":2,\"name\":\"Boutique\",\"item\":\"https:\/\/www.twistiti.com\/fr\/?page_id=40268\"},{\"@type\":\"ListItem\",\"position\":3,\"name\":\"Horloge Animaux\"}]},{\"@type\":\"WebSite\",\"@id\":\"https:\/\/www.twistiti.com\/fr\/#website\",\"url\":\"https:\/\/www.twistiti.com\/fr\/\",\"name\":\"Twistiti: La montre p\u00e9dagogique qui apprend l&#039;heure \u00e0 vos enfants\",\"description\":\"Les montres pour enfants, solides et p\u00e9dagogiques\",\"publisher\":{\"@id\":\"https:\/\/www.twistiti.com\/fr\/#organization\"},\"potentialAction\":[{\"@type\":\"SearchAction\",\"target\":{\"@type\":\"EntryPoint\",\"urlTemplate\":\"https:\/\/www.twistiti.com\/fr\/?s={search_term_string}\"},\"query-input\":\"required name=search_term_string\"}],\"inLanguage\":\"fr-FR\"},{\"@type\":\"Organization\",\"@id\":\"https:\/\/www.twistiti.com\/fr\/#organization\",\"name\":\"Twistiti\",\"url\":\"https:\/\/www.twistiti.com\/fr\/\",\"logo\":{\"@type\":\"ImageObject\",\"inLanguage\":\"fr-FR\",\"@id\":\"https:\/\/www.twistiti.com\/fr\/#\/schema\/logo\/image\/\",\"url\":\"https:\/\/www.twistiti.com\/wp-content\/uploads\/2016\/09\/cropped-LogoWhiteBg.jpg\",\"contentUrl\":\"https:\/\/www.twistiti.com\/wp-content\/uploads\/2016\/09\/cropped-LogoWhiteBg.jpg\",\"width\":512,\"height\":512,\"caption\":\"Twistiti\"},\"image\":{\"@id\":\"https:\/\/www.twistiti.com\/fr\/#\/schema\/logo\/image\/\"},\"sameAs\":[\"https:\/\/www.facebook.com\/Twistiti\/\",\"https:\/\/www.instagram.com\/twistiti\/\",\"https:\/\/www.pinterest.com\/twistitiwatches\/\",\"https:\/\/www.youtube.com\/channel\/UCSJ3q7mMGL_9BODfmC0Bvkw\"]}]}<\/script>\n<!-- \/ Yoast SEO plugin. -->","yoast_head_json":{"title":"Horloge Animaux - Twistiti: La montre p\u00e9dagogique qui apprend l&#039;heure \u00e0 vos enfants","robots":{"index":"index","follow":"follow","max-snippet":"max-snippet:-1","max-image-preview":"max-image-preview:large","max-video-preview":"max-video-preview:-1"},"canonical":"https:\/\/www.twistiti.com\/fr\/produit\/horloge-animaux\/","og_locale":"fr_FR","og_type":"article","og_title":"Horloge Animaux - Twistiti: La montre p\u00e9dagogique qui apprend l&#039;heure \u00e0 vos enfants","og_description":"Prolongation jusqu'au 14 d\u00e9cembre 2025 : \u00e0 l\u2019achat d\u2019une montre animaux, recevez une horloge animaux gratuite (valeur 39.90\u20ac).\u00a0 Pas de retour ni d\u2019\u00e9change.\u00a0 Offre dans la limite des stocks disponibles. Offre cumulable.  \ud83d\udc35\u26a0\ufe0f\u2764\ufe0f L'horloge gratuite sera AUTOMATIQUEMENT ajout\u00e9e \u00e0 votre commande lors de l'envoi.  --&gt; Pas de code promo, pas besoin d'ajouter l'horloge dans votre panier !  &nbsp; Sp\u00e9cialement con\u00e7ues pour les enfants d\u00e8s 3 ans. Les heures et les minutes sont remplac\u00e9es par des symboles faciles \u00e0 lire d\u00e8s le plus jeune \u00e2ge. Id\u00e9ale pour les plus petits qui se posent des questions sur le temps qui passe.","og_url":"https:\/\/www.twistiti.com\/fr\/produit\/horloge-animaux\/","og_site_name":"Twistiti: La montre p\u00e9dagogique qui apprend l&#039;heure \u00e0 vos enfants","article_publisher":"https:\/\/www.facebook.com\/Twistiti\/","article_modified_time":"2025-12-16T10:24:58+00:00","og_image":[{"width":1800,"height":1800,"url":"https:\/\/www.twistiti.com\/wp-content\/uploads\/2022\/10\/Twistiti_Clock2021_02_Animals01-low-web.jpg","type":"image\/jpeg"}],"twitter_card":"summary_large_image","twitter_misc":{"Dur\u00e9e de lecture estim\u00e9e":"1 minute"},"schema":{"@context":"https:\/\/schema.org","@graph":[{"@type":"WebPage","@id":"https:\/\/www.twistiti.com\/fr\/produit\/horloge-animaux\/","url":"https:\/\/www.twistiti.com\/fr\/produit\/horloge-animaux\/","name":"Horloge Animaux - Twistiti: La montre p\u00e9dagogique qui apprend l&#039;heure \u00e0 vos enfants","isPartOf":{"@id":"https:\/\/www.twistiti.com\/fr\/#website"},"datePublished":"2022-10-14T09:06:35+00:00","dateModified":"2025-12-16T10:24:58+00:00","breadcrumb":{"@id":"https:\/\/www.twistiti.com\/fr\/produit\/horloge-animaux\/#breadcrumb"},"inLanguage":"fr-FR","potentialAction":[{"@type":"ReadAction","target":["https:\/\/www.twistiti.com\/fr\/produit\/horloge-animaux\/"]}]},{"@type":"BreadcrumbList","@id":"https:\/\/www.twistiti.com\/fr\/produit\/horloge-animaux\/#breadcrumb","itemListElement":[{"@type":"ListItem","position":1,"name":"Home","item":"https:\/\/www.twistiti.com\/fr\/"},{"@type":"ListItem","position":2,"name":"Boutique","item":"https:\/\/www.twistiti.com\/fr\/?page_id=40268"},{"@type":"ListItem","position":3,"name":"Horloge Animaux"}]},{"@type":"WebSite","@id":"https:\/\/www.twistiti.com\/fr\/#website","url":"https:\/\/www.twistiti.com\/fr\/","name":"Twistiti: La montre p\u00e9dagogique qui apprend l&#039;heure \u00e0 vos enfants","description":"Les montres pour enfants, solides et p\u00e9dagogiques","publisher":{"@id":"https:\/\/www.twistiti.com\/fr\/#organization"},"potentialAction":[{"@type":"SearchAction","target":{"@type":"EntryPoint","urlTemplate":"https:\/\/www.twistiti.com\/fr\/?s={search_term_string}"},"query-input":"required name=search_term_string"}],"inLanguage":"fr-FR"},{"@type":"Organization","@id":"https:\/\/www.twistiti.com\/fr\/#organization","name":"Twistiti","url":"https:\/\/www.twistiti.com\/fr\/","logo":{"@type":"ImageObject","inLanguage":"fr-FR","@id":"https:\/\/www.twistiti.com\/fr\/#\/schema\/logo\/image\/","url":"https:\/\/www.twistiti.com\/wp-content\/uploads\/2016\/09\/cropped-LogoWhiteBg.jpg","contentUrl":"https:\/\/www.twistiti.com\/wp-content\/uploads\/2016\/09\/cropped-LogoWhiteBg.jpg","width":512,"height":512,"caption":"Twistiti"},"image":{"@id":"https:\/\/www.twistiti.com\/fr\/#\/schema\/logo\/image\/"},"sameAs":["https:\/\/www.facebook.com\/Twistiti\/","https:\/\/www.instagram.com\/twistiti\/","https:\/\/www.pinterest.com\/twistitiwatches\/","https:\/\/www.youtube.com\/channel\/UCSJ3q7mMGL_9BODfmC0Bvkw"]}]}},"_links":{"self":[{"href":"https:\/\/www.twistiti.com\/fr\/wp-json\/wp\/v2\/product\/73387"}],"collection":[{"href":"https:\/\/www.twistiti.com\/fr\/wp-json\/wp\/v2\/product"}],"about":[{"href":"https:\/\/www.twistiti.com\/fr\/wp-json\/wp\/v2\/types\/product"}],"wp:featuredmedia":[{"embeddable":true,"href":"https:\/\/www.twistiti.com\/fr\/wp-json\/wp\/v2\/media\/73395"}],"wp:attachment":[{"href":"https:\/\/www.twistiti.com\/fr\/wp-json\/wp\/v2\/media?parent=73387"}],"wp:term":[{"taxonomy":"product_cat","embeddable":true,"href":"https:\/\/www.twistiti.com\/fr\/wp-json\/wp\/v2\/product_cat?post=73387"},{"taxonomy":"product_tag","embeddable":true,"href":"https:\/\/www.twistiti.com\/fr\/wp-json\/wp\/v2\/product_tag?post=73387"}],"curies":[{"name":"wp","href":"https:\/\/api.w.org\/{rel}","templated":true}]}}