{"id":66816,"date":"2021-11-24T18:22:21","date_gmt":"2021-11-24T16:22:21","guid":{"rendered":"https:\/\/www.twistiti.com\/?post_type=product&#038;p=66816"},"modified":"2025-12-17T01:34:36","modified_gmt":"2025-12-17T00:34:36","slug":"montre-nombres-9-ans-original","status":"publish","type":"product","link":"https:\/\/www.twistiti.com\/fr\/produit\/montre-nombres-9-ans-original\/","title":{"rendered":"Montre Nombres 9+ Original"},"content":{"rendered":"<ul>\n<li class=\"p1\"><span class=\"s1\">R\u00e9siste \u00e0 l\u2019eau jusqu\u2019\u00e0 50m : vous pourrez en profiter toute la journ\u00e9e !<\/span><\/li>\n<li>Bracelet en tissu tress\u00e9 extensible : s&rsquo;adapte parfaitement \u00e0 votre poignet pour un confort maximal<\/li>\n<li class=\"p1\"><span class=\"s1\">Barrettes \u00ab easy clip \u00bb, tr\u00e8s simples \u00e0 changer.<\/span><\/li>\n<li class=\"p1\"><span class=\"s1\">Mouvement \u00e0 quartz japonais pr\u00e9cis et fiable.<\/span><\/li>\n<li class=\"p1\"><span class=\"s1\">Cadran en couleurs s\u00e9rigraphi\u00e9es, plus fin et color\u00e9 qu\u2019un imprim\u00e9.<\/span><\/li>\n<li class=\"p1\"><span class=\"s1\">Bo\u00eetier en acier inoxydable avec vitre en verre<\/span><\/li>\n<li class=\"p1\"><span class=\"s1\">Produit garanti 2 ans, on s\u2019occupe de tout.<\/span><\/li>\n<\/ul>\n","protected":false},"excerpt":{"rendered":"<p><strong>Promotion rentr\u00e9e scolaire : pas de retour ni d\u2019\u00e9change.<\/strong><\/p>\n<p><span style=\"font-weight: 400;\">D\u00e9couvrez nos nouvelles montres \u00e0 nombres, destin\u00e9es aux <strong>enfants qui ma\u00eetrisent la lecture de l\u2019heure<\/strong>. <\/span><\/p>\n<p><span style=\"font-weight: 400;\">Elles sont l\u00e9g\u00e8res, color\u00e9es, utiles et amusantes. <\/span><\/p>\n<p><span style=\"font-weight: 400;\"><strong>Le bracelet? Tress\u00e9 et extensible<\/strong>, il <strong>s\u2019adapte \u00e0 tous les poignets<\/strong> et \u00e0 tous les moments de la journ\u00e9e. Rarement une montre n\u2019a \u00e9t\u00e9 si agr\u00e9able \u00e0 porter.<\/span><\/p>\n","protected":false},"featured_media":67320,"template":"","meta":{"_acf_changed":false},"product_cat":[352],"product_tag":[],"class_list":{"0":"post-66816","1":"product","2":"type-product","3":"status-publish","4":"has-post-thumbnail","6":"product_cat-montres-adultes","8":"first","9":"outofstock","10":"sale","11":"taxable","12":"shipping-taxable","13":"purchasable","14":"product-type-simple"},"acf":[],"yoast_head":"<!-- This site is optimized with the Yoast SEO plugin v22.0 - https:\/\/yoast.com\/wordpress\/plugins\/seo\/ -->\n<title>Montre Nombres 9+ Original - Twistiti: La montre p\u00e9dagogique qui apprend l&#039;heure \u00e0 vos enfants<\/title>\n<meta name=\"robots\" content=\"index, follow, max-snippet:-1, max-image-preview:large, max-video-preview:-1\" \/>\n<link rel=\"canonical\" href=\"https:\/\/www.twistiti.com\/fr\/produit\/montre-nombres-9-ans-original\/\" \/>\n<meta property=\"og:locale\" content=\"fr_FR\" \/>\n<meta property=\"og:type\" content=\"article\" \/>\n<meta property=\"og:title\" content=\"Montre Nombres 9+ Original - Twistiti: La montre p\u00e9dagogique qui apprend l&#039;heure \u00e0 vos enfants\" \/>\n<meta property=\"og:description\" content=\"Promotion rentr\u00e9e scolaire : pas de retour ni d\u2019\u00e9change.  D\u00e9couvrez nos nouvelles montres \u00e0 nombres, destin\u00e9es aux enfants qui ma\u00eetrisent la lecture de l\u2019heure.   Elles sont l\u00e9g\u00e8res, color\u00e9es, utiles et amusantes.   Le bracelet? Tress\u00e9 et extensible, il s\u2019adapte \u00e0 tous les poignets et \u00e0 tous les moments de la journ\u00e9e. Rarement une montre n\u2019a \u00e9t\u00e9 si agr\u00e9able \u00e0 porter.\" \/>\n<meta property=\"og:url\" content=\"https:\/\/www.twistiti.com\/fr\/produit\/montre-nombres-9-ans-original\/\" \/>\n<meta property=\"og:site_name\" content=\"Twistiti: La montre p\u00e9dagogique qui apprend l&#039;heure \u00e0 vos enfants\" \/>\n<meta property=\"article:publisher\" content=\"https:\/\/www.facebook.com\/Twistiti\/\" \/>\n<meta property=\"article:modified_time\" content=\"2025-12-17T00:34:36+00:00\" \/>\n<meta property=\"og:image\" content=\"https:\/\/www.twistiti.com\/wp-content\/uploads\/2021\/11\/Twistiti_Adult_2021_Watch_WrappedUp_01_Static_RedBlueYellow-square.png\" \/>\n\t<meta property=\"og:image:width\" content=\"1067\" \/>\n\t<meta property=\"og:image:height\" content=\"1067\" \/>\n\t<meta property=\"og:image:type\" content=\"image\/png\" \/>\n<meta name=\"twitter:card\" content=\"summary_large_image\" \/>\n<meta name=\"twitter:label1\" content=\"Dur\u00e9e de lecture estim\u00e9e\" \/>\n\t<meta name=\"twitter:data1\" content=\"1 minute\" \/>\n<script type=\"application\/ld+json\" class=\"yoast-schema-graph\">{\"@context\":\"https:\/\/schema.org\",\"@graph\":[{\"@type\":\"WebPage\",\"@id\":\"https:\/\/www.twistiti.com\/fr\/produit\/montre-nombres-9-ans-original\/\",\"url\":\"https:\/\/www.twistiti.com\/fr\/produit\/montre-nombres-9-ans-original\/\",\"name\":\"Montre Nombres 9+ Original - Twistiti: La montre p\u00e9dagogique qui apprend l&#039;heure \u00e0 vos enfants\",\"isPartOf\":{\"@id\":\"https:\/\/www.twistiti.com\/fr\/#website\"},\"datePublished\":\"2021-11-24T16:22:21+00:00\",\"dateModified\":\"2025-12-17T00:34:36+00:00\",\"breadcrumb\":{\"@id\":\"https:\/\/www.twistiti.com\/fr\/produit\/montre-nombres-9-ans-original\/#breadcrumb\"},\"inLanguage\":\"fr-FR\",\"potentialAction\":[{\"@type\":\"ReadAction\",\"target\":[\"https:\/\/www.twistiti.com\/fr\/produit\/montre-nombres-9-ans-original\/\"]}]},{\"@type\":\"BreadcrumbList\",\"@id\":\"https:\/\/www.twistiti.com\/fr\/produit\/montre-nombres-9-ans-original\/#breadcrumb\",\"itemListElement\":[{\"@type\":\"ListItem\",\"position\":1,\"name\":\"Home\",\"item\":\"https:\/\/www.twistiti.com\/fr\/\"},{\"@type\":\"ListItem\",\"position\":2,\"name\":\"Boutique\",\"item\":\"https:\/\/www.twistiti.com\/fr\/?page_id=40268\"},{\"@type\":\"ListItem\",\"position\":3,\"name\":\"Montre Nombres 9+ Original\"}]},{\"@type\":\"WebSite\",\"@id\":\"https:\/\/www.twistiti.com\/fr\/#website\",\"url\":\"https:\/\/www.twistiti.com\/fr\/\",\"name\":\"Twistiti: La montre p\u00e9dagogique qui apprend l&#039;heure \u00e0 vos enfants\",\"description\":\"Les montres pour enfants, solides et p\u00e9dagogiques\",\"publisher\":{\"@id\":\"https:\/\/www.twistiti.com\/fr\/#organization\"},\"potentialAction\":[{\"@type\":\"SearchAction\",\"target\":{\"@type\":\"EntryPoint\",\"urlTemplate\":\"https:\/\/www.twistiti.com\/fr\/?s={search_term_string}\"},\"query-input\":\"required name=search_term_string\"}],\"inLanguage\":\"fr-FR\"},{\"@type\":\"Organization\",\"@id\":\"https:\/\/www.twistiti.com\/fr\/#organization\",\"name\":\"Twistiti\",\"url\":\"https:\/\/www.twistiti.com\/fr\/\",\"logo\":{\"@type\":\"ImageObject\",\"inLanguage\":\"fr-FR\",\"@id\":\"https:\/\/www.twistiti.com\/fr\/#\/schema\/logo\/image\/\",\"url\":\"https:\/\/www.twistiti.com\/wp-content\/uploads\/2016\/09\/cropped-LogoWhiteBg.jpg\",\"contentUrl\":\"https:\/\/www.twistiti.com\/wp-content\/uploads\/2016\/09\/cropped-LogoWhiteBg.jpg\",\"width\":512,\"height\":512,\"caption\":\"Twistiti\"},\"image\":{\"@id\":\"https:\/\/www.twistiti.com\/fr\/#\/schema\/logo\/image\/\"},\"sameAs\":[\"https:\/\/www.facebook.com\/Twistiti\/\",\"https:\/\/www.instagram.com\/twistiti\/\",\"https:\/\/www.pinterest.com\/twistitiwatches\/\",\"https:\/\/www.youtube.com\/channel\/UCSJ3q7mMGL_9BODfmC0Bvkw\"]}]}<\/script>\n<!-- \/ Yoast SEO plugin. -->","yoast_head_json":{"title":"Montre Nombres 9+ Original - Twistiti: La montre p\u00e9dagogique qui apprend l&#039;heure \u00e0 vos enfants","robots":{"index":"index","follow":"follow","max-snippet":"max-snippet:-1","max-image-preview":"max-image-preview:large","max-video-preview":"max-video-preview:-1"},"canonical":"https:\/\/www.twistiti.com\/fr\/produit\/montre-nombres-9-ans-original\/","og_locale":"fr_FR","og_type":"article","og_title":"Montre Nombres 9+ Original - Twistiti: La montre p\u00e9dagogique qui apprend l&#039;heure \u00e0 vos enfants","og_description":"Promotion rentr\u00e9e scolaire : pas de retour ni d\u2019\u00e9change.  D\u00e9couvrez nos nouvelles montres \u00e0 nombres, destin\u00e9es aux enfants qui ma\u00eetrisent la lecture de l\u2019heure.   Elles sont l\u00e9g\u00e8res, color\u00e9es, utiles et amusantes.   Le bracelet? Tress\u00e9 et extensible, il s\u2019adapte \u00e0 tous les poignets et \u00e0 tous les moments de la journ\u00e9e. Rarement une montre n\u2019a \u00e9t\u00e9 si agr\u00e9able \u00e0 porter.","og_url":"https:\/\/www.twistiti.com\/fr\/produit\/montre-nombres-9-ans-original\/","og_site_name":"Twistiti: La montre p\u00e9dagogique qui apprend l&#039;heure \u00e0 vos enfants","article_publisher":"https:\/\/www.facebook.com\/Twistiti\/","article_modified_time":"2025-12-17T00:34:36+00:00","og_image":[{"width":1067,"height":1067,"url":"https:\/\/www.twistiti.com\/wp-content\/uploads\/2021\/11\/Twistiti_Adult_2021_Watch_WrappedUp_01_Static_RedBlueYellow-square.png","type":"image\/png"}],"twitter_card":"summary_large_image","twitter_misc":{"Dur\u00e9e de lecture estim\u00e9e":"1 minute"},"schema":{"@context":"https:\/\/schema.org","@graph":[{"@type":"WebPage","@id":"https:\/\/www.twistiti.com\/fr\/produit\/montre-nombres-9-ans-original\/","url":"https:\/\/www.twistiti.com\/fr\/produit\/montre-nombres-9-ans-original\/","name":"Montre Nombres 9+ Original - Twistiti: La montre p\u00e9dagogique qui apprend l&#039;heure \u00e0 vos enfants","isPartOf":{"@id":"https:\/\/www.twistiti.com\/fr\/#website"},"datePublished":"2021-11-24T16:22:21+00:00","dateModified":"2025-12-17T00:34:36+00:00","breadcrumb":{"@id":"https:\/\/www.twistiti.com\/fr\/produit\/montre-nombres-9-ans-original\/#breadcrumb"},"inLanguage":"fr-FR","potentialAction":[{"@type":"ReadAction","target":["https:\/\/www.twistiti.com\/fr\/produit\/montre-nombres-9-ans-original\/"]}]},{"@type":"BreadcrumbList","@id":"https:\/\/www.twistiti.com\/fr\/produit\/montre-nombres-9-ans-original\/#breadcrumb","itemListElement":[{"@type":"ListItem","position":1,"name":"Home","item":"https:\/\/www.twistiti.com\/fr\/"},{"@type":"ListItem","position":2,"name":"Boutique","item":"https:\/\/www.twistiti.com\/fr\/?page_id=40268"},{"@type":"ListItem","position":3,"name":"Montre Nombres 9+ Original"}]},{"@type":"WebSite","@id":"https:\/\/www.twistiti.com\/fr\/#website","url":"https:\/\/www.twistiti.com\/fr\/","name":"Twistiti: La montre p\u00e9dagogique qui apprend l&#039;heure \u00e0 vos enfants","description":"Les montres pour enfants, solides et p\u00e9dagogiques","publisher":{"@id":"https:\/\/www.twistiti.com\/fr\/#organization"},"potentialAction":[{"@type":"SearchAction","target":{"@type":"EntryPoint","urlTemplate":"https:\/\/www.twistiti.com\/fr\/?s={search_term_string}"},"query-input":"required name=search_term_string"}],"inLanguage":"fr-FR"},{"@type":"Organization","@id":"https:\/\/www.twistiti.com\/fr\/#organization","name":"Twistiti","url":"https:\/\/www.twistiti.com\/fr\/","logo":{"@type":"ImageObject","inLanguage":"fr-FR","@id":"https:\/\/www.twistiti.com\/fr\/#\/schema\/logo\/image\/","url":"https:\/\/www.twistiti.com\/wp-content\/uploads\/2016\/09\/cropped-LogoWhiteBg.jpg","contentUrl":"https:\/\/www.twistiti.com\/wp-content\/uploads\/2016\/09\/cropped-LogoWhiteBg.jpg","width":512,"height":512,"caption":"Twistiti"},"image":{"@id":"https:\/\/www.twistiti.com\/fr\/#\/schema\/logo\/image\/"},"sameAs":["https:\/\/www.facebook.com\/Twistiti\/","https:\/\/www.instagram.com\/twistiti\/","https:\/\/www.pinterest.com\/twistitiwatches\/","https:\/\/www.youtube.com\/channel\/UCSJ3q7mMGL_9BODfmC0Bvkw"]}]}},"_links":{"self":[{"href":"https:\/\/www.twistiti.com\/fr\/wp-json\/wp\/v2\/product\/66816"}],"collection":[{"href":"https:\/\/www.twistiti.com\/fr\/wp-json\/wp\/v2\/product"}],"about":[{"href":"https:\/\/www.twistiti.com\/fr\/wp-json\/wp\/v2\/types\/product"}],"wp:featuredmedia":[{"embeddable":true,"href":"https:\/\/www.twistiti.com\/fr\/wp-json\/wp\/v2\/media\/67320"}],"wp:attachment":[{"href":"https:\/\/www.twistiti.com\/fr\/wp-json\/wp\/v2\/media?parent=66816"}],"wp:term":[{"taxonomy":"product_cat","embeddable":true,"href":"https:\/\/www.twistiti.com\/fr\/wp-json\/wp\/v2\/product_cat?post=66816"},{"taxonomy":"product_tag","embeddable":true,"href":"https:\/\/www.twistiti.com\/fr\/wp-json\/wp\/v2\/product_tag?post=66816"}],"curies":[{"name":"wp","href":"https:\/\/api.w.org\/{rel}","templated":true}]}}