{"id":29791,"date":"2016-11-22T14:48:45","date_gmt":"2016-11-22T14:48:45","guid":{"rendered":"http:\/\/www.twistiti.com\/fr\/produit\/nombres-zebre-copy\/"},"modified":"2025-10-30T17:27:22","modified_gmt":"2025-10-30T16:27:22","slug":"horloge-nombres","status":"publish","type":"product","link":"https:\/\/www.twistiti.com\/fr\/produit\/horloge-nombres\/","title":{"rendered":"Horloge Nombres"},"content":{"rendered":"<ul>\n<li class=\"p1\"><span class=\"s1\">Structure en aluminium<\/span><\/li>\n<li class=\"p1\">Vitre en plastique pour une s\u00e9curit\u00e9 accrue<\/li>\n<li class=\"p1\">Mouvement japonais Suzuki Sweep silencieux \u00e0 3 aiguilles<\/li>\n<li class=\"p1\">Diam\u00e8tre: 25cm<\/li>\n<li class=\"p1\">Profondeur: 50mm<\/li>\n<li class=\"p1\">Fonctionne avec 1 pile AA non incluse<\/li>\n<\/ul>\n","protected":false},"excerpt":{"rendered":"<p class=\"p1\"><span class=\"s1\"><strong>Ludique et \u00e9ducative<\/strong>, l\u2019horloge Twistiti \u00e0 nombres est parfaite pour tous les enfants qui apprennent \u00e0 lire l\u2019heure comme les grands. Elle est tr\u00e8s <strong>facile \u00e0 utiliser<\/strong> avec des nombres <strong>clairs<\/strong>, <strong>lisibles<\/strong> et <strong>pleins de couleurs<\/strong> p\u00e9tillantes.<\/span><\/p>\n","protected":false},"featured_media":69674,"template":"","meta":{"_acf_changed":false},"product_cat":[35,37],"product_tag":[],"class_list":{"0":"post-29791","1":"product","2":"type-product","3":"status-publish","4":"has-post-thumbnail","6":"product_cat-horloges","7":"product_cat-horlogesnombres","9":"first","10":"outofstock","11":"taxable","12":"shipping-taxable","13":"purchasable","14":"product-type-simple"},"acf":[],"yoast_head":"<!-- This site is optimized with the Yoast SEO plugin v22.0 - https:\/\/yoast.com\/wordpress\/plugins\/seo\/ -->\n<title>Horloge Nombres - Twistiti: La montre p\u00e9dagogique qui apprend l&#039;heure \u00e0 vos enfants<\/title>\n<meta name=\"robots\" content=\"index, follow, max-snippet:-1, max-image-preview:large, max-video-preview:-1\" \/>\n<link rel=\"canonical\" href=\"https:\/\/www.twistiti.com\/fr\/produit\/horloge-nombres\/\" \/>\n<meta property=\"og:locale\" content=\"fr_FR\" \/>\n<meta property=\"og:type\" content=\"article\" \/>\n<meta property=\"og:title\" content=\"Horloge Nombres - Twistiti: La montre p\u00e9dagogique qui apprend l&#039;heure \u00e0 vos enfants\" \/>\n<meta property=\"og:description\" content=\"Ludique et \u00e9ducative, l\u2019horloge Twistiti \u00e0 nombres est parfaite pour tous les enfants qui apprennent \u00e0 lire l\u2019heure comme les grands. Elle est tr\u00e8s facile \u00e0 utiliser avec des nombres clairs, lisibles et pleins de couleurs p\u00e9tillantes.\" \/>\n<meta property=\"og:url\" content=\"https:\/\/www.twistiti.com\/fr\/produit\/horloge-nombres\/\" \/>\n<meta property=\"og:site_name\" content=\"Twistiti: La montre p\u00e9dagogique qui apprend l&#039;heure \u00e0 vos enfants\" \/>\n<meta property=\"article:publisher\" content=\"https:\/\/www.facebook.com\/Twistiti\/\" \/>\n<meta property=\"article:modified_time\" content=\"2025-10-30T16:27:22+00:00\" \/>\n<meta property=\"og:image\" content=\"https:\/\/www.twistiti.com\/wp-content\/uploads\/2016\/11\/Twistiti_Clock2021_02_NumbersWithSeconds01-low2.jpg\" \/>\n\t<meta property=\"og:image:width\" content=\"1800\" \/>\n\t<meta property=\"og:image:height\" content=\"1800\" \/>\n\t<meta property=\"og:image:type\" content=\"image\/jpeg\" \/>\n<meta name=\"twitter:card\" content=\"summary_large_image\" \/>\n<meta name=\"twitter:label1\" content=\"Dur\u00e9e de lecture estim\u00e9e\" \/>\n\t<meta name=\"twitter:data1\" content=\"1 minute\" \/>\n<script type=\"application\/ld+json\" class=\"yoast-schema-graph\">{\"@context\":\"https:\/\/schema.org\",\"@graph\":[{\"@type\":\"WebPage\",\"@id\":\"https:\/\/www.twistiti.com\/fr\/produit\/horloge-nombres\/\",\"url\":\"https:\/\/www.twistiti.com\/fr\/produit\/horloge-nombres\/\",\"name\":\"Horloge Nombres - Twistiti: La montre p\u00e9dagogique qui apprend l&#039;heure \u00e0 vos enfants\",\"isPartOf\":{\"@id\":\"https:\/\/www.twistiti.com\/fr\/#website\"},\"datePublished\":\"2016-11-22T14:48:45+00:00\",\"dateModified\":\"2025-10-30T16:27:22+00:00\",\"breadcrumb\":{\"@id\":\"https:\/\/www.twistiti.com\/fr\/produit\/horloge-nombres\/#breadcrumb\"},\"inLanguage\":\"fr-FR\",\"potentialAction\":[{\"@type\":\"ReadAction\",\"target\":[\"https:\/\/www.twistiti.com\/fr\/produit\/horloge-nombres\/\"]}]},{\"@type\":\"BreadcrumbList\",\"@id\":\"https:\/\/www.twistiti.com\/fr\/produit\/horloge-nombres\/#breadcrumb\",\"itemListElement\":[{\"@type\":\"ListItem\",\"position\":1,\"name\":\"Home\",\"item\":\"https:\/\/www.twistiti.com\/fr\/\"},{\"@type\":\"ListItem\",\"position\":2,\"name\":\"Boutique\",\"item\":\"https:\/\/www.twistiti.com\/fr\/?page_id=40268\"},{\"@type\":\"ListItem\",\"position\":3,\"name\":\"Horloge Nombres\"}]},{\"@type\":\"WebSite\",\"@id\":\"https:\/\/www.twistiti.com\/fr\/#website\",\"url\":\"https:\/\/www.twistiti.com\/fr\/\",\"name\":\"Twistiti: La montre p\u00e9dagogique qui apprend l&#039;heure \u00e0 vos enfants\",\"description\":\"Les montres pour enfants, solides et p\u00e9dagogiques\",\"publisher\":{\"@id\":\"https:\/\/www.twistiti.com\/fr\/#organization\"},\"potentialAction\":[{\"@type\":\"SearchAction\",\"target\":{\"@type\":\"EntryPoint\",\"urlTemplate\":\"https:\/\/www.twistiti.com\/fr\/?s={search_term_string}\"},\"query-input\":\"required name=search_term_string\"}],\"inLanguage\":\"fr-FR\"},{\"@type\":\"Organization\",\"@id\":\"https:\/\/www.twistiti.com\/fr\/#organization\",\"name\":\"Twistiti\",\"url\":\"https:\/\/www.twistiti.com\/fr\/\",\"logo\":{\"@type\":\"ImageObject\",\"inLanguage\":\"fr-FR\",\"@id\":\"https:\/\/www.twistiti.com\/fr\/#\/schema\/logo\/image\/\",\"url\":\"https:\/\/www.twistiti.com\/wp-content\/uploads\/2016\/09\/cropped-LogoWhiteBg.jpg\",\"contentUrl\":\"https:\/\/www.twistiti.com\/wp-content\/uploads\/2016\/09\/cropped-LogoWhiteBg.jpg\",\"width\":512,\"height\":512,\"caption\":\"Twistiti\"},\"image\":{\"@id\":\"https:\/\/www.twistiti.com\/fr\/#\/schema\/logo\/image\/\"},\"sameAs\":[\"https:\/\/www.facebook.com\/Twistiti\/\",\"https:\/\/www.instagram.com\/twistiti\/\",\"https:\/\/www.pinterest.com\/twistitiwatches\/\",\"https:\/\/www.youtube.com\/channel\/UCSJ3q7mMGL_9BODfmC0Bvkw\"]}]}<\/script>\n<!-- \/ Yoast SEO plugin. -->","yoast_head_json":{"title":"Horloge Nombres - Twistiti: La montre p\u00e9dagogique qui apprend l&#039;heure \u00e0 vos enfants","robots":{"index":"index","follow":"follow","max-snippet":"max-snippet:-1","max-image-preview":"max-image-preview:large","max-video-preview":"max-video-preview:-1"},"canonical":"https:\/\/www.twistiti.com\/fr\/produit\/horloge-nombres\/","og_locale":"fr_FR","og_type":"article","og_title":"Horloge Nombres - Twistiti: La montre p\u00e9dagogique qui apprend l&#039;heure \u00e0 vos enfants","og_description":"Ludique et \u00e9ducative, l\u2019horloge Twistiti \u00e0 nombres est parfaite pour tous les enfants qui apprennent \u00e0 lire l\u2019heure comme les grands. Elle est tr\u00e8s facile \u00e0 utiliser avec des nombres clairs, lisibles et pleins de couleurs p\u00e9tillantes.","og_url":"https:\/\/www.twistiti.com\/fr\/produit\/horloge-nombres\/","og_site_name":"Twistiti: La montre p\u00e9dagogique qui apprend l&#039;heure \u00e0 vos enfants","article_publisher":"https:\/\/www.facebook.com\/Twistiti\/","article_modified_time":"2025-10-30T16:27:22+00:00","og_image":[{"width":1800,"height":1800,"url":"https:\/\/www.twistiti.com\/wp-content\/uploads\/2016\/11\/Twistiti_Clock2021_02_NumbersWithSeconds01-low2.jpg","type":"image\/jpeg"}],"twitter_card":"summary_large_image","twitter_misc":{"Dur\u00e9e de lecture estim\u00e9e":"1 minute"},"schema":{"@context":"https:\/\/schema.org","@graph":[{"@type":"WebPage","@id":"https:\/\/www.twistiti.com\/fr\/produit\/horloge-nombres\/","url":"https:\/\/www.twistiti.com\/fr\/produit\/horloge-nombres\/","name":"Horloge Nombres - Twistiti: La montre p\u00e9dagogique qui apprend l&#039;heure \u00e0 vos enfants","isPartOf":{"@id":"https:\/\/www.twistiti.com\/fr\/#website"},"datePublished":"2016-11-22T14:48:45+00:00","dateModified":"2025-10-30T16:27:22+00:00","breadcrumb":{"@id":"https:\/\/www.twistiti.com\/fr\/produit\/horloge-nombres\/#breadcrumb"},"inLanguage":"fr-FR","potentialAction":[{"@type":"ReadAction","target":["https:\/\/www.twistiti.com\/fr\/produit\/horloge-nombres\/"]}]},{"@type":"BreadcrumbList","@id":"https:\/\/www.twistiti.com\/fr\/produit\/horloge-nombres\/#breadcrumb","itemListElement":[{"@type":"ListItem","position":1,"name":"Home","item":"https:\/\/www.twistiti.com\/fr\/"},{"@type":"ListItem","position":2,"name":"Boutique","item":"https:\/\/www.twistiti.com\/fr\/?page_id=40268"},{"@type":"ListItem","position":3,"name":"Horloge Nombres"}]},{"@type":"WebSite","@id":"https:\/\/www.twistiti.com\/fr\/#website","url":"https:\/\/www.twistiti.com\/fr\/","name":"Twistiti: La montre p\u00e9dagogique qui apprend l&#039;heure \u00e0 vos enfants","description":"Les montres pour enfants, solides et p\u00e9dagogiques","publisher":{"@id":"https:\/\/www.twistiti.com\/fr\/#organization"},"potentialAction":[{"@type":"SearchAction","target":{"@type":"EntryPoint","urlTemplate":"https:\/\/www.twistiti.com\/fr\/?s={search_term_string}"},"query-input":"required name=search_term_string"}],"inLanguage":"fr-FR"},{"@type":"Organization","@id":"https:\/\/www.twistiti.com\/fr\/#organization","name":"Twistiti","url":"https:\/\/www.twistiti.com\/fr\/","logo":{"@type":"ImageObject","inLanguage":"fr-FR","@id":"https:\/\/www.twistiti.com\/fr\/#\/schema\/logo\/image\/","url":"https:\/\/www.twistiti.com\/wp-content\/uploads\/2016\/09\/cropped-LogoWhiteBg.jpg","contentUrl":"https:\/\/www.twistiti.com\/wp-content\/uploads\/2016\/09\/cropped-LogoWhiteBg.jpg","width":512,"height":512,"caption":"Twistiti"},"image":{"@id":"https:\/\/www.twistiti.com\/fr\/#\/schema\/logo\/image\/"},"sameAs":["https:\/\/www.facebook.com\/Twistiti\/","https:\/\/www.instagram.com\/twistiti\/","https:\/\/www.pinterest.com\/twistitiwatches\/","https:\/\/www.youtube.com\/channel\/UCSJ3q7mMGL_9BODfmC0Bvkw"]}]}},"_links":{"self":[{"href":"https:\/\/www.twistiti.com\/fr\/wp-json\/wp\/v2\/product\/29791"}],"collection":[{"href":"https:\/\/www.twistiti.com\/fr\/wp-json\/wp\/v2\/product"}],"about":[{"href":"https:\/\/www.twistiti.com\/fr\/wp-json\/wp\/v2\/types\/product"}],"wp:featuredmedia":[{"embeddable":true,"href":"https:\/\/www.twistiti.com\/fr\/wp-json\/wp\/v2\/media\/69674"}],"wp:attachment":[{"href":"https:\/\/www.twistiti.com\/fr\/wp-json\/wp\/v2\/media?parent=29791"}],"wp:term":[{"taxonomy":"product_cat","embeddable":true,"href":"https:\/\/www.twistiti.com\/fr\/wp-json\/wp\/v2\/product_cat?post=29791"},{"taxonomy":"product_tag","embeddable":true,"href":"https:\/\/www.twistiti.com\/fr\/wp-json\/wp\/v2\/product_tag?post=29791"}],"curies":[{"name":"wp","href":"https:\/\/api.w.org\/{rel}","templated":true}]}}