{"id":29378,"date":"2016-11-01T11:22:45","date_gmt":"2016-11-01T11:22:45","guid":{"rendered":"http:\/\/www.twistiti.com\/product\/animaux-coeurs\/"},"modified":"2025-11-30T23:56:02","modified_gmt":"2025-11-30T22:56:02","slug":"animaux-coeurs","status":"publish","type":"product","link":"https:\/\/www.twistiti.com\/fr\/produit\/animaux-coeurs\/","title":{"rendered":"Animaux Coeurs + Horloge animaux gratuite"},"content":{"rendered":"<ul>\n<li class=\"p1\"><span class=\"s1\">R\u00e9siste \u00e0 l\u2019eau jusqu\u2019\u00e0 50m : vos enfants pourront en profiter toute la journ\u00e9e, m\u00eame \u00e0 la piscine !<\/span><\/li>\n<li class=\"p1\"><span class=\"s1\">Barrettes \u00ab easy clip \u00bb, tr\u00e8s simples \u00e0 changer.<\/span><\/li>\n<li class=\"p1\"><span class=\"s1\"><span class=\"s1\">Animaux photoluminescents<\/span><\/span>, ils brillent la nuit !<\/li>\n<li class=\"p1\"><span class=\"s1\">Mouvement \u00e0 quartz japonais pr\u00e9cis et fiable.<\/span><\/li>\n<li class=\"p1\"><span class=\"s1\">Cadran en couleurs s\u00e9rigraphi\u00e9es, plus fin et color\u00e9 qu\u2019un imprim\u00e9.<\/span><\/li>\n<li class=\"p1\"><span class=\"s1\">Bo\u00eetier en acier inoxydable avec vitre en verre.<\/span><\/li>\n<li class=\"p1\"><span class=\"s1\">Produit garanti 2 ans, on s\u2019occupe de tout.<\/span><\/li>\n<li class=\"p1\"><span class=\"s1\">Peut \u00eatre port\u00e9e sur des poignets de 13cm \u00e0 17cm de circonf\u00e9rence.<\/span><\/li>\n<\/ul>\n","protected":false},"excerpt":{"rendered":"<p><strong>Prolongation jusqu&rsquo;au 14 d\u00e9cembre 2025 : \u00e0 l\u2019achat d\u2019une montre animaux, recevez une horloge animaux gratuite (valeur 39.90\u20ac).\u00a0 <\/strong><strong>Pas de retour ni d\u2019\u00e9change.\u00a0 Offre dans la limite des stocks disponibles.\u00a0 <\/strong><strong>Offre cumulable.<\/strong><\/p>\n<p><strong>\ud83d\udc35\u26a0\ufe0f\u2764\ufe0f L&rsquo;horloge gratuite sera AUTOMATIQUEMENT ajout\u00e9e \u00e0 votre commande lors de l&rsquo;envoi.<\/strong><\/p>\n<p><strong>\ud83d\udc49 Pas de code promo, pas besoin d&rsquo;ajouter l&rsquo;horloge dans votre panier !<\/strong><\/p>\n<p class=\"p1\"><span class=\"s1\">Sp\u00e9cialement <strong>con\u00e7ues pour les enfants d\u00e8s 3 ans<\/strong>.<\/span><\/p>\n<p class=\"p1\"><span class=\"s1\">Les heures et les minutes sont remplac\u00e9es par des <strong>symboles faciles \u00e0 lire<\/strong> d\u00e8s le plus jeune \u00e2ge. Id\u00e9ale pour les plus petits qui se posent des questions sur le temps qui passe.<\/span><\/p>\n","protected":false},"featured_media":52827,"template":"","meta":{"_acf_changed":false},"product_cat":[29],"product_tag":[413],"class_list":{"0":"post-29378","1":"product","2":"type-product","3":"status-publish","4":"has-post-thumbnail","6":"product_cat-boitier-animaux","7":"product_tag-watch_en-2","9":"first","10":"outofstock","11":"taxable","12":"shipping-taxable","13":"purchasable","14":"product-type-simple"},"acf":[],"yoast_head":"<!-- This site is optimized with the Yoast SEO plugin v22.0 - https:\/\/yoast.com\/wordpress\/plugins\/seo\/ -->\n<title>Animaux Coeurs + Horloge animaux gratuite - Twistiti: La montre p\u00e9dagogique qui apprend l&#039;heure \u00e0 vos enfants<\/title>\n<meta name=\"robots\" content=\"index, follow, max-snippet:-1, max-image-preview:large, max-video-preview:-1\" \/>\n<link rel=\"canonical\" href=\"https:\/\/www.twistiti.com\/fr\/produit\/animaux-coeurs\/\" \/>\n<meta property=\"og:locale\" content=\"fr_FR\" \/>\n<meta property=\"og:type\" content=\"article\" \/>\n<meta property=\"og:title\" content=\"Animaux Coeurs + Horloge animaux gratuite - Twistiti: La montre p\u00e9dagogique qui apprend l&#039;heure \u00e0 vos enfants\" \/>\n<meta property=\"og:description\" content=\"Prolongation jusqu&#039;au 14 d\u00e9cembre 2025 : \u00e0 l\u2019achat d\u2019une montre animaux, recevez une horloge animaux gratuite (valeur 39.90\u20ac).\u00a0 Pas de retour ni d\u2019\u00e9change.\u00a0 Offre dans la limite des stocks disponibles.\u00a0 Offre cumulable.  \ud83d\udc35\u26a0\ufe0f\u2764\ufe0f L&#039;horloge gratuite sera AUTOMATIQUEMENT ajout\u00e9e \u00e0 votre commande lors de l&#039;envoi.  \ud83d\udc49 Pas de code promo, pas besoin d&#039;ajouter l&#039;horloge dans votre panier ! Sp\u00e9cialement con\u00e7ues pour les enfants d\u00e8s 3 ans. Les heures et les minutes sont remplac\u00e9es par des symboles faciles \u00e0 lire d\u00e8s le plus jeune \u00e2ge. Id\u00e9ale pour les plus petits qui se posent des questions sur le temps qui passe.\" \/>\n<meta property=\"og:url\" content=\"https:\/\/www.twistiti.com\/fr\/produit\/animaux-coeurs\/\" \/>\n<meta property=\"og:site_name\" content=\"Twistiti: La montre p\u00e9dagogique qui apprend l&#039;heure \u00e0 vos enfants\" \/>\n<meta property=\"article:publisher\" content=\"https:\/\/www.facebook.com\/Twistiti\/\" \/>\n<meta property=\"article:modified_time\" content=\"2025-11-30T22:56:02+00:00\" \/>\n<meta property=\"og:image\" content=\"https:\/\/www.twistiti.com\/wp-content\/uploads\/2016\/11\/Animals-Hearts-White-BG_low_2.jpg\" \/>\n\t<meta property=\"og:image:width\" content=\"1300\" \/>\n\t<meta property=\"og:image:height\" content=\"1300\" \/>\n\t<meta property=\"og:image:type\" content=\"image\/jpeg\" \/>\n<meta name=\"twitter:card\" content=\"summary_large_image\" \/>\n<meta name=\"twitter:label1\" content=\"Dur\u00e9e de lecture estim\u00e9e\" \/>\n\t<meta name=\"twitter:data1\" content=\"1 minute\" \/>\n<script type=\"application\/ld+json\" class=\"yoast-schema-graph\">{\"@context\":\"https:\/\/schema.org\",\"@graph\":[{\"@type\":\"WebPage\",\"@id\":\"https:\/\/www.twistiti.com\/fr\/produit\/animaux-coeurs\/\",\"url\":\"https:\/\/www.twistiti.com\/fr\/produit\/animaux-coeurs\/\",\"name\":\"Animaux Coeurs + Horloge animaux gratuite - Twistiti: La montre p\u00e9dagogique qui apprend l&#039;heure \u00e0 vos enfants\",\"isPartOf\":{\"@id\":\"https:\/\/www.twistiti.com\/fr\/#website\"},\"datePublished\":\"2016-11-01T11:22:45+00:00\",\"dateModified\":\"2025-11-30T22:56:02+00:00\",\"breadcrumb\":{\"@id\":\"https:\/\/www.twistiti.com\/fr\/produit\/animaux-coeurs\/#breadcrumb\"},\"inLanguage\":\"fr-FR\",\"potentialAction\":[{\"@type\":\"ReadAction\",\"target\":[\"https:\/\/www.twistiti.com\/fr\/produit\/animaux-coeurs\/\"]}]},{\"@type\":\"BreadcrumbList\",\"@id\":\"https:\/\/www.twistiti.com\/fr\/produit\/animaux-coeurs\/#breadcrumb\",\"itemListElement\":[{\"@type\":\"ListItem\",\"position\":1,\"name\":\"Home\",\"item\":\"https:\/\/www.twistiti.com\/fr\/\"},{\"@type\":\"ListItem\",\"position\":2,\"name\":\"Boutique\",\"item\":\"https:\/\/www.twistiti.com\/fr\/?page_id=40268\"},{\"@type\":\"ListItem\",\"position\":3,\"name\":\"Animaux Coeurs + Horloge animaux gratuite\"}]},{\"@type\":\"WebSite\",\"@id\":\"https:\/\/www.twistiti.com\/fr\/#website\",\"url\":\"https:\/\/www.twistiti.com\/fr\/\",\"name\":\"Twistiti: La montre p\u00e9dagogique qui apprend l&#039;heure \u00e0 vos enfants\",\"description\":\"Les montres pour enfants, solides et p\u00e9dagogiques\",\"publisher\":{\"@id\":\"https:\/\/www.twistiti.com\/fr\/#organization\"},\"potentialAction\":[{\"@type\":\"SearchAction\",\"target\":{\"@type\":\"EntryPoint\",\"urlTemplate\":\"https:\/\/www.twistiti.com\/fr\/?s={search_term_string}\"},\"query-input\":\"required name=search_term_string\"}],\"inLanguage\":\"fr-FR\"},{\"@type\":\"Organization\",\"@id\":\"https:\/\/www.twistiti.com\/fr\/#organization\",\"name\":\"Twistiti\",\"url\":\"https:\/\/www.twistiti.com\/fr\/\",\"logo\":{\"@type\":\"ImageObject\",\"inLanguage\":\"fr-FR\",\"@id\":\"https:\/\/www.twistiti.com\/fr\/#\/schema\/logo\/image\/\",\"url\":\"https:\/\/www.twistiti.com\/wp-content\/uploads\/2016\/09\/cropped-LogoWhiteBg.jpg\",\"contentUrl\":\"https:\/\/www.twistiti.com\/wp-content\/uploads\/2016\/09\/cropped-LogoWhiteBg.jpg\",\"width\":512,\"height\":512,\"caption\":\"Twistiti\"},\"image\":{\"@id\":\"https:\/\/www.twistiti.com\/fr\/#\/schema\/logo\/image\/\"},\"sameAs\":[\"https:\/\/www.facebook.com\/Twistiti\/\",\"https:\/\/www.instagram.com\/twistiti\/\",\"https:\/\/www.pinterest.com\/twistitiwatches\/\",\"https:\/\/www.youtube.com\/channel\/UCSJ3q7mMGL_9BODfmC0Bvkw\"]}]}<\/script>\n<!-- \/ Yoast SEO plugin. -->","yoast_head_json":{"title":"Animaux Coeurs + Horloge animaux gratuite - Twistiti: La montre p\u00e9dagogique qui apprend l&#039;heure \u00e0 vos enfants","robots":{"index":"index","follow":"follow","max-snippet":"max-snippet:-1","max-image-preview":"max-image-preview:large","max-video-preview":"max-video-preview:-1"},"canonical":"https:\/\/www.twistiti.com\/fr\/produit\/animaux-coeurs\/","og_locale":"fr_FR","og_type":"article","og_title":"Animaux Coeurs + Horloge animaux gratuite - Twistiti: La montre p\u00e9dagogique qui apprend l&#039;heure \u00e0 vos enfants","og_description":"Prolongation jusqu'au 14 d\u00e9cembre 2025 : \u00e0 l\u2019achat d\u2019une montre animaux, recevez une horloge animaux gratuite (valeur 39.90\u20ac).\u00a0 Pas de retour ni d\u2019\u00e9change.\u00a0 Offre dans la limite des stocks disponibles.\u00a0 Offre cumulable.  \ud83d\udc35\u26a0\ufe0f\u2764\ufe0f L'horloge gratuite sera AUTOMATIQUEMENT ajout\u00e9e \u00e0 votre commande lors de l'envoi.  \ud83d\udc49 Pas de code promo, pas besoin d'ajouter l'horloge dans votre panier ! Sp\u00e9cialement con\u00e7ues pour les enfants d\u00e8s 3 ans. Les heures et les minutes sont remplac\u00e9es par des symboles faciles \u00e0 lire d\u00e8s le plus jeune \u00e2ge. Id\u00e9ale pour les plus petits qui se posent des questions sur le temps qui passe.","og_url":"https:\/\/www.twistiti.com\/fr\/produit\/animaux-coeurs\/","og_site_name":"Twistiti: La montre p\u00e9dagogique qui apprend l&#039;heure \u00e0 vos enfants","article_publisher":"https:\/\/www.facebook.com\/Twistiti\/","article_modified_time":"2025-11-30T22:56:02+00:00","og_image":[{"width":1300,"height":1300,"url":"https:\/\/www.twistiti.com\/wp-content\/uploads\/2016\/11\/Animals-Hearts-White-BG_low_2.jpg","type":"image\/jpeg"}],"twitter_card":"summary_large_image","twitter_misc":{"Dur\u00e9e de lecture estim\u00e9e":"1 minute"},"schema":{"@context":"https:\/\/schema.org","@graph":[{"@type":"WebPage","@id":"https:\/\/www.twistiti.com\/fr\/produit\/animaux-coeurs\/","url":"https:\/\/www.twistiti.com\/fr\/produit\/animaux-coeurs\/","name":"Animaux Coeurs + Horloge animaux gratuite - Twistiti: La montre p\u00e9dagogique qui apprend l&#039;heure \u00e0 vos enfants","isPartOf":{"@id":"https:\/\/www.twistiti.com\/fr\/#website"},"datePublished":"2016-11-01T11:22:45+00:00","dateModified":"2025-11-30T22:56:02+00:00","breadcrumb":{"@id":"https:\/\/www.twistiti.com\/fr\/produit\/animaux-coeurs\/#breadcrumb"},"inLanguage":"fr-FR","potentialAction":[{"@type":"ReadAction","target":["https:\/\/www.twistiti.com\/fr\/produit\/animaux-coeurs\/"]}]},{"@type":"BreadcrumbList","@id":"https:\/\/www.twistiti.com\/fr\/produit\/animaux-coeurs\/#breadcrumb","itemListElement":[{"@type":"ListItem","position":1,"name":"Home","item":"https:\/\/www.twistiti.com\/fr\/"},{"@type":"ListItem","position":2,"name":"Boutique","item":"https:\/\/www.twistiti.com\/fr\/?page_id=40268"},{"@type":"ListItem","position":3,"name":"Animaux Coeurs + Horloge animaux gratuite"}]},{"@type":"WebSite","@id":"https:\/\/www.twistiti.com\/fr\/#website","url":"https:\/\/www.twistiti.com\/fr\/","name":"Twistiti: La montre p\u00e9dagogique qui apprend l&#039;heure \u00e0 vos enfants","description":"Les montres pour enfants, solides et p\u00e9dagogiques","publisher":{"@id":"https:\/\/www.twistiti.com\/fr\/#organization"},"potentialAction":[{"@type":"SearchAction","target":{"@type":"EntryPoint","urlTemplate":"https:\/\/www.twistiti.com\/fr\/?s={search_term_string}"},"query-input":"required name=search_term_string"}],"inLanguage":"fr-FR"},{"@type":"Organization","@id":"https:\/\/www.twistiti.com\/fr\/#organization","name":"Twistiti","url":"https:\/\/www.twistiti.com\/fr\/","logo":{"@type":"ImageObject","inLanguage":"fr-FR","@id":"https:\/\/www.twistiti.com\/fr\/#\/schema\/logo\/image\/","url":"https:\/\/www.twistiti.com\/wp-content\/uploads\/2016\/09\/cropped-LogoWhiteBg.jpg","contentUrl":"https:\/\/www.twistiti.com\/wp-content\/uploads\/2016\/09\/cropped-LogoWhiteBg.jpg","width":512,"height":512,"caption":"Twistiti"},"image":{"@id":"https:\/\/www.twistiti.com\/fr\/#\/schema\/logo\/image\/"},"sameAs":["https:\/\/www.facebook.com\/Twistiti\/","https:\/\/www.instagram.com\/twistiti\/","https:\/\/www.pinterest.com\/twistitiwatches\/","https:\/\/www.youtube.com\/channel\/UCSJ3q7mMGL_9BODfmC0Bvkw"]}]}},"_links":{"self":[{"href":"https:\/\/www.twistiti.com\/fr\/wp-json\/wp\/v2\/product\/29378"}],"collection":[{"href":"https:\/\/www.twistiti.com\/fr\/wp-json\/wp\/v2\/product"}],"about":[{"href":"https:\/\/www.twistiti.com\/fr\/wp-json\/wp\/v2\/types\/product"}],"wp:featuredmedia":[{"embeddable":true,"href":"https:\/\/www.twistiti.com\/fr\/wp-json\/wp\/v2\/media\/52827"}],"wp:attachment":[{"href":"https:\/\/www.twistiti.com\/fr\/wp-json\/wp\/v2\/media?parent=29378"}],"wp:term":[{"taxonomy":"product_cat","embeddable":true,"href":"https:\/\/www.twistiti.com\/fr\/wp-json\/wp\/v2\/product_cat?post=29378"},{"taxonomy":"product_tag","embeddable":true,"href":"https:\/\/www.twistiti.com\/fr\/wp-json\/wp\/v2\/product_tag?post=29378"}],"curies":[{"name":"wp","href":"https:\/\/api.w.org\/{rel}","templated":true}]}}