{"id":29024,"date":"2016-10-11T14:28:16","date_gmt":"2016-10-11T14:28:16","guid":{"rendered":"http:\/\/www.twistiti.com\/product\/bracelet-bleu\/"},"modified":"2025-07-27T23:31:02","modified_gmt":"2025-07-27T21:31:02","slug":"bracelet-bleu","status":"publish","type":"product","link":"https:\/\/www.twistiti.com\/fr\/produit\/bracelet-bleu\/","title":{"rendered":"Bracelet Bleu"},"content":{"rendered":"<ul>\n<li class=\"p1\"><span class=\"s1\">Peut \u00eatre port\u00e9 sur des poignets de 13cm \u00e0 17,3cm de diam\u00e8tre<\/span><\/li>\n<li><span class=\"s1\">Compatible avec nos bo\u00eetiers montres 3+ et 6+ Twistiti<\/span><\/li>\n<li class=\"p1\"><span class=\"s1\">Bracelet en textile r\u00e9sistant \u00e0 l\u2019eau<\/span><\/li>\n<li class=\"p1\"><span class=\"s1\">Barrette \u00ab\u00a0easy clip\u00a0\u00bb, tr\u00e8s simple \u00e0 changer.<\/span><\/li>\n<li class=\"p1\"><span class=\"s1\">Produit garanti 2 ans<\/span><\/li>\n<\/ul>\n","protected":false},"excerpt":{"rendered":"<p class=\"p1\"><span class=\"s1\">D\u00e9couvrez le bracelet pour montres Twistit Bleu, remplis de petits animaux!<\/span><\/p>\n<p>Il se combine avec n\u2019importe quel bo\u00eetier de montre Twisiti. Avec son \u00ab\u00a0easy clip system\u00a0\u00bb, il est <strong>tr\u00e8s simple \u00e0 changer<\/strong>!<\/p>\n<p class=\"p1\"><span class=\"s1\">Faites les combinaisons les plus chouettes et envoyez nous <strong>vos meilleures photos<\/strong> @twistiti sur Facebook et Instagram avec le hashtag #twistiti<\/span><\/p>\n<p class=\"p1\"><span class=\"s1\">Le bracelet est pr\u00e9vu pour des poignets de 13cm \u00e0 17,3cm de diam\u00e8tre et est <strong>r\u00e9sistant \u00e0 l\u2019eau<\/strong>.<\/span><\/p>\n","protected":false},"featured_media":31112,"template":"","meta":{"_acf_changed":false},"product_cat":[23],"product_tag":[],"class_list":{"0":"post-29024","1":"product","2":"type-product","3":"status-publish","4":"has-post-thumbnail","6":"product_cat-bracelet","8":"first","9":"outofstock","10":"taxable","11":"shipping-taxable","12":"purchasable","13":"product-type-simple"},"acf":[],"yoast_head":"<!-- This site is optimized with the Yoast SEO plugin v22.0 - https:\/\/yoast.com\/wordpress\/plugins\/seo\/ -->\n<title>Bracelet Bleu - Twistiti: La montre p\u00e9dagogique qui apprend l&#039;heure \u00e0 vos enfants<\/title>\n<meta name=\"robots\" content=\"index, follow, max-snippet:-1, max-image-preview:large, max-video-preview:-1\" \/>\n<link rel=\"canonical\" href=\"https:\/\/www.twistiti.com\/fr\/produit\/bracelet-bleu\/\" \/>\n<meta property=\"og:locale\" content=\"fr_FR\" \/>\n<meta property=\"og:type\" content=\"article\" \/>\n<meta property=\"og:title\" content=\"Bracelet Bleu - Twistiti: La montre p\u00e9dagogique qui apprend l&#039;heure \u00e0 vos enfants\" \/>\n<meta property=\"og:description\" content=\"D\u00e9couvrez le bracelet pour montres Twistit Bleu, remplis de petits animaux! Il se combine avec n\u2019importe quel bo\u00eetier de montre Twisiti. Avec son \u00ab\u00a0easy clip system\u00a0\u00bb, il est tr\u00e8s simple \u00e0 changer! Faites les combinaisons les plus chouettes et envoyez nous vos meilleures photos @twistiti sur Facebook et Instagram avec le hashtag #twistiti Le bracelet est pr\u00e9vu pour des poignets de 13cm \u00e0 17,3cm de diam\u00e8tre et est r\u00e9sistant \u00e0 l\u2019eau.\" \/>\n<meta property=\"og:url\" content=\"https:\/\/www.twistiti.com\/fr\/produit\/bracelet-bleu\/\" \/>\n<meta property=\"og:site_name\" content=\"Twistiti: La montre p\u00e9dagogique qui apprend l&#039;heure \u00e0 vos enfants\" \/>\n<meta property=\"article:publisher\" content=\"https:\/\/www.facebook.com\/Twistiti\/\" \/>\n<meta property=\"article:modified_time\" content=\"2025-07-27T21:31:02+00:00\" \/>\n<meta property=\"og:image\" content=\"https:\/\/www.twistiti.com\/wp-content\/uploads\/2017\/01\/BlueBand.jpg\" \/>\n\t<meta property=\"og:image:width\" content=\"426\" \/>\n\t<meta property=\"og:image:height\" content=\"1075\" \/>\n\t<meta property=\"og:image:type\" content=\"image\/jpeg\" \/>\n<meta name=\"twitter:card\" content=\"summary_large_image\" \/>\n<meta name=\"twitter:label1\" content=\"Dur\u00e9e de lecture estim\u00e9e\" \/>\n\t<meta name=\"twitter:data1\" content=\"1 minute\" \/>\n<script type=\"application\/ld+json\" class=\"yoast-schema-graph\">{\"@context\":\"https:\/\/schema.org\",\"@graph\":[{\"@type\":\"WebPage\",\"@id\":\"https:\/\/www.twistiti.com\/fr\/produit\/bracelet-bleu\/\",\"url\":\"https:\/\/www.twistiti.com\/fr\/produit\/bracelet-bleu\/\",\"name\":\"Bracelet Bleu - Twistiti: La montre p\u00e9dagogique qui apprend l&#039;heure \u00e0 vos enfants\",\"isPartOf\":{\"@id\":\"https:\/\/www.twistiti.com\/fr\/#website\"},\"datePublished\":\"2016-10-11T14:28:16+00:00\",\"dateModified\":\"2025-07-27T21:31:02+00:00\",\"breadcrumb\":{\"@id\":\"https:\/\/www.twistiti.com\/fr\/produit\/bracelet-bleu\/#breadcrumb\"},\"inLanguage\":\"fr-FR\",\"potentialAction\":[{\"@type\":\"ReadAction\",\"target\":[\"https:\/\/www.twistiti.com\/fr\/produit\/bracelet-bleu\/\"]}]},{\"@type\":\"BreadcrumbList\",\"@id\":\"https:\/\/www.twistiti.com\/fr\/produit\/bracelet-bleu\/#breadcrumb\",\"itemListElement\":[{\"@type\":\"ListItem\",\"position\":1,\"name\":\"Home\",\"item\":\"https:\/\/www.twistiti.com\/fr\/\"},{\"@type\":\"ListItem\",\"position\":2,\"name\":\"Boutique\",\"item\":\"https:\/\/www.twistiti.com\/fr\/?page_id=40268\"},{\"@type\":\"ListItem\",\"position\":3,\"name\":\"Bracelet Bleu\"}]},{\"@type\":\"WebSite\",\"@id\":\"https:\/\/www.twistiti.com\/fr\/#website\",\"url\":\"https:\/\/www.twistiti.com\/fr\/\",\"name\":\"Twistiti: La montre p\u00e9dagogique qui apprend l&#039;heure \u00e0 vos enfants\",\"description\":\"Les montres pour enfants, solides et p\u00e9dagogiques\",\"publisher\":{\"@id\":\"https:\/\/www.twistiti.com\/fr\/#organization\"},\"potentialAction\":[{\"@type\":\"SearchAction\",\"target\":{\"@type\":\"EntryPoint\",\"urlTemplate\":\"https:\/\/www.twistiti.com\/fr\/?s={search_term_string}\"},\"query-input\":\"required name=search_term_string\"}],\"inLanguage\":\"fr-FR\"},{\"@type\":\"Organization\",\"@id\":\"https:\/\/www.twistiti.com\/fr\/#organization\",\"name\":\"Twistiti\",\"url\":\"https:\/\/www.twistiti.com\/fr\/\",\"logo\":{\"@type\":\"ImageObject\",\"inLanguage\":\"fr-FR\",\"@id\":\"https:\/\/www.twistiti.com\/fr\/#\/schema\/logo\/image\/\",\"url\":\"https:\/\/www.twistiti.com\/wp-content\/uploads\/2016\/09\/cropped-LogoWhiteBg.jpg\",\"contentUrl\":\"https:\/\/www.twistiti.com\/wp-content\/uploads\/2016\/09\/cropped-LogoWhiteBg.jpg\",\"width\":512,\"height\":512,\"caption\":\"Twistiti\"},\"image\":{\"@id\":\"https:\/\/www.twistiti.com\/fr\/#\/schema\/logo\/image\/\"},\"sameAs\":[\"https:\/\/www.facebook.com\/Twistiti\/\",\"https:\/\/www.instagram.com\/twistiti\/\",\"https:\/\/www.pinterest.com\/twistitiwatches\/\",\"https:\/\/www.youtube.com\/channel\/UCSJ3q7mMGL_9BODfmC0Bvkw\"]}]}<\/script>\n<!-- \/ Yoast SEO plugin. -->","yoast_head_json":{"title":"Bracelet Bleu - Twistiti: La montre p\u00e9dagogique qui apprend l&#039;heure \u00e0 vos enfants","robots":{"index":"index","follow":"follow","max-snippet":"max-snippet:-1","max-image-preview":"max-image-preview:large","max-video-preview":"max-video-preview:-1"},"canonical":"https:\/\/www.twistiti.com\/fr\/produit\/bracelet-bleu\/","og_locale":"fr_FR","og_type":"article","og_title":"Bracelet Bleu - Twistiti: La montre p\u00e9dagogique qui apprend l&#039;heure \u00e0 vos enfants","og_description":"D\u00e9couvrez le bracelet pour montres Twistit Bleu, remplis de petits animaux! Il se combine avec n\u2019importe quel bo\u00eetier de montre Twisiti. Avec son \u00ab\u00a0easy clip system\u00a0\u00bb, il est tr\u00e8s simple \u00e0 changer! Faites les combinaisons les plus chouettes et envoyez nous vos meilleures photos @twistiti sur Facebook et Instagram avec le hashtag #twistiti Le bracelet est pr\u00e9vu pour des poignets de 13cm \u00e0 17,3cm de diam\u00e8tre et est r\u00e9sistant \u00e0 l\u2019eau.","og_url":"https:\/\/www.twistiti.com\/fr\/produit\/bracelet-bleu\/","og_site_name":"Twistiti: La montre p\u00e9dagogique qui apprend l&#039;heure \u00e0 vos enfants","article_publisher":"https:\/\/www.facebook.com\/Twistiti\/","article_modified_time":"2025-07-27T21:31:02+00:00","og_image":[{"width":426,"height":1075,"url":"https:\/\/www.twistiti.com\/wp-content\/uploads\/2017\/01\/BlueBand.jpg","type":"image\/jpeg"}],"twitter_card":"summary_large_image","twitter_misc":{"Dur\u00e9e de lecture estim\u00e9e":"1 minute"},"schema":{"@context":"https:\/\/schema.org","@graph":[{"@type":"WebPage","@id":"https:\/\/www.twistiti.com\/fr\/produit\/bracelet-bleu\/","url":"https:\/\/www.twistiti.com\/fr\/produit\/bracelet-bleu\/","name":"Bracelet Bleu - Twistiti: La montre p\u00e9dagogique qui apprend l&#039;heure \u00e0 vos enfants","isPartOf":{"@id":"https:\/\/www.twistiti.com\/fr\/#website"},"datePublished":"2016-10-11T14:28:16+00:00","dateModified":"2025-07-27T21:31:02+00:00","breadcrumb":{"@id":"https:\/\/www.twistiti.com\/fr\/produit\/bracelet-bleu\/#breadcrumb"},"inLanguage":"fr-FR","potentialAction":[{"@type":"ReadAction","target":["https:\/\/www.twistiti.com\/fr\/produit\/bracelet-bleu\/"]}]},{"@type":"BreadcrumbList","@id":"https:\/\/www.twistiti.com\/fr\/produit\/bracelet-bleu\/#breadcrumb","itemListElement":[{"@type":"ListItem","position":1,"name":"Home","item":"https:\/\/www.twistiti.com\/fr\/"},{"@type":"ListItem","position":2,"name":"Boutique","item":"https:\/\/www.twistiti.com\/fr\/?page_id=40268"},{"@type":"ListItem","position":3,"name":"Bracelet Bleu"}]},{"@type":"WebSite","@id":"https:\/\/www.twistiti.com\/fr\/#website","url":"https:\/\/www.twistiti.com\/fr\/","name":"Twistiti: La montre p\u00e9dagogique qui apprend l&#039;heure \u00e0 vos enfants","description":"Les montres pour enfants, solides et p\u00e9dagogiques","publisher":{"@id":"https:\/\/www.twistiti.com\/fr\/#organization"},"potentialAction":[{"@type":"SearchAction","target":{"@type":"EntryPoint","urlTemplate":"https:\/\/www.twistiti.com\/fr\/?s={search_term_string}"},"query-input":"required name=search_term_string"}],"inLanguage":"fr-FR"},{"@type":"Organization","@id":"https:\/\/www.twistiti.com\/fr\/#organization","name":"Twistiti","url":"https:\/\/www.twistiti.com\/fr\/","logo":{"@type":"ImageObject","inLanguage":"fr-FR","@id":"https:\/\/www.twistiti.com\/fr\/#\/schema\/logo\/image\/","url":"https:\/\/www.twistiti.com\/wp-content\/uploads\/2016\/09\/cropped-LogoWhiteBg.jpg","contentUrl":"https:\/\/www.twistiti.com\/wp-content\/uploads\/2016\/09\/cropped-LogoWhiteBg.jpg","width":512,"height":512,"caption":"Twistiti"},"image":{"@id":"https:\/\/www.twistiti.com\/fr\/#\/schema\/logo\/image\/"},"sameAs":["https:\/\/www.facebook.com\/Twistiti\/","https:\/\/www.instagram.com\/twistiti\/","https:\/\/www.pinterest.com\/twistitiwatches\/","https:\/\/www.youtube.com\/channel\/UCSJ3q7mMGL_9BODfmC0Bvkw"]}]}},"_links":{"self":[{"href":"https:\/\/www.twistiti.com\/fr\/wp-json\/wp\/v2\/product\/29024"}],"collection":[{"href":"https:\/\/www.twistiti.com\/fr\/wp-json\/wp\/v2\/product"}],"about":[{"href":"https:\/\/www.twistiti.com\/fr\/wp-json\/wp\/v2\/types\/product"}],"wp:featuredmedia":[{"embeddable":true,"href":"https:\/\/www.twistiti.com\/fr\/wp-json\/wp\/v2\/media\/31112"}],"wp:attachment":[{"href":"https:\/\/www.twistiti.com\/fr\/wp-json\/wp\/v2\/media?parent=29024"}],"wp:term":[{"taxonomy":"product_cat","embeddable":true,"href":"https:\/\/www.twistiti.com\/fr\/wp-json\/wp\/v2\/product_cat?post=29024"},{"taxonomy":"product_tag","embeddable":true,"href":"https:\/\/www.twistiti.com\/fr\/wp-json\/wp\/v2\/product_tag?post=29024"}],"curies":[{"name":"wp","href":"https:\/\/api.w.org\/{rel}","templated":true}]}}