{"id":94201,"date":"2026-01-05T12:32:27","date_gmt":"2026-01-05T11:32:27","guid":{"rendered":"https:\/\/www.twistiti.com\/?page_id=94201"},"modified":"2026-01-05T12:39:31","modified_gmt":"2026-01-05T11:39:31","slug":"laventure-twistiti-touche-a-sa-fin","status":"publish","type":"page","link":"https:\/\/www.twistiti.com\/fr\/","title":{"rendered":"L\u2019aventure Twistiti touche \u00e0 sa fin"},"content":{"rendered":"\n<br><br><br>\n\n\n\n<p>Apr\u00e8s plusieurs ann\u00e9es d\u00e9di\u00e9es \u00e0 aider les enfants \u00e0 apprivoiser le temps de mani\u00e8re ludique et p\u00e9dagogique, nous avons pris la d\u00e9cision de mettre un terme \u00e0 l\u2019aventure Twistiti.<\/p>\n\n\n\n<p>Nous tenions \u00e0 vous remercier sinc\u00e8rement pour votre confiance, votre bienveillance et les nombreux t\u00e9moignages partag\u00e9s au fil des ann\u00e9es.<br>Cette aventure humaine restera profond\u00e9ment marquante pour nous.<\/p>\n\n\n\n<p>Le service client reste disponible, exclusivement par e-mail, pour toute question li\u00e9e \u00e0 une commande pass\u00e9e ou \u00e0 un produit Twistiti :<br>\ud83d\udce9 <a href=\"mailto:support@twistiti.com\">support@twistiti.com<\/a><\/p>\n\n\n\n<p>Nous vous souhaitons une belle et heureuse ann\u00e9e 2026, remplie de petits bonheurs et de grandes r\u00e9ussites !<\/p>\n\n\n\n<br><br><br>\n\n\n\n<p><\/p>\n","protected":false},"excerpt":{"rendered":"<p>Apr\u00e8s plusieurs ann\u00e9es d\u00e9di\u00e9es \u00e0 aider les enfants \u00e0 apprivoiser le temps de mani\u00e8re ludique et p\u00e9dagogique, nous avons pris la d\u00e9cision de mettre un terme \u00e0 l\u2019aventure Twistiti. Nous tenions \u00e0 vous remercier sinc\u00e8rement pour votre confiance, votre bienveillance et les nombreux t\u00e9moignages partag\u00e9s au fil des ann\u00e9es.Cette aventure humaine restera profond\u00e9ment marquante pour [&hellip;]<\/p>\n","protected":false},"author":1,"featured_media":0,"parent":0,"menu_order":0,"comment_status":"closed","ping_status":"closed","template":"page-templates\/default.php","meta":{"_acf_changed":false,"footnotes":""},"class_list":["post-94201","page","type-page","status-publish","hentry"],"acf":[],"yoast_head":"<!-- This site is optimized with the Yoast SEO plugin v22.0 - https:\/\/yoast.com\/wordpress\/plugins\/seo\/ -->\n<title>L\u2019aventure Twistiti touche \u00e0 sa fin - Twistiti: La montre p\u00e9dagogique qui apprend l&#039;heure \u00e0 vos enfants<\/title>\n<meta name=\"robots\" content=\"index, follow, max-snippet:-1, max-image-preview:large, max-video-preview:-1\" \/>\n<link rel=\"canonical\" href=\"https:\/\/www.twistiti.com\/fr\/\" \/>\n<meta property=\"og:locale\" content=\"fr_FR\" \/>\n<meta property=\"og:type\" content=\"article\" \/>\n<meta property=\"og:title\" content=\"L\u2019aventure Twistiti touche \u00e0 sa fin - Twistiti: La montre p\u00e9dagogique qui apprend l&#039;heure \u00e0 vos enfants\" \/>\n<meta property=\"og:description\" content=\"Apr\u00e8s plusieurs ann\u00e9es d\u00e9di\u00e9es \u00e0 aider les enfants \u00e0 apprivoiser le temps de mani\u00e8re ludique et p\u00e9dagogique, nous avons pris la d\u00e9cision de mettre un terme \u00e0 l\u2019aventure Twistiti. Nous tenions \u00e0 vous remercier sinc\u00e8rement pour votre confiance, votre bienveillance et les nombreux t\u00e9moignages partag\u00e9s au fil des ann\u00e9es.Cette aventure humaine restera profond\u00e9ment marquante pour [&hellip;]\" \/>\n<meta property=\"og:url\" content=\"https:\/\/www.twistiti.com\/fr\/\" \/>\n<meta property=\"og:site_name\" content=\"Twistiti: La montre p\u00e9dagogique qui apprend l&#039;heure \u00e0 vos enfants\" \/>\n<meta property=\"article:publisher\" content=\"https:\/\/www.facebook.com\/Twistiti\/\" \/>\n<meta property=\"article:modified_time\" content=\"2026-01-05T11:39:31+00:00\" \/>\n<meta property=\"og:image\" content=\"https:\/\/www.twistiti.com\/wp-content\/uploads\/2020\/06\/facebook_img.jpg\" \/>\n\t<meta property=\"og:image:width\" content=\"1200\" \/>\n\t<meta property=\"og:image:height\" content=\"630\" \/>\n\t<meta property=\"og:image:type\" content=\"image\/jpeg\" \/>\n<meta name=\"twitter:card\" content=\"summary_large_image\" \/>\n<meta name=\"twitter:label1\" content=\"Dur\u00e9e de lecture estim\u00e9e\" \/>\n\t<meta name=\"twitter:data1\" content=\"1 minute\" \/>\n<script type=\"application\/ld+json\" class=\"yoast-schema-graph\">{\"@context\":\"https:\/\/schema.org\",\"@graph\":[{\"@type\":\"WebPage\",\"@id\":\"https:\/\/www.twistiti.com\/fr\/\",\"url\":\"https:\/\/www.twistiti.com\/fr\/\",\"name\":\"L\u2019aventure Twistiti touche \u00e0 sa fin - Twistiti: La montre p\u00e9dagogique qui apprend l&#039;heure \u00e0 vos enfants\",\"isPartOf\":{\"@id\":\"https:\/\/www.twistiti.com\/fr\/#website\"},\"datePublished\":\"2026-01-05T11:32:27+00:00\",\"dateModified\":\"2026-01-05T11:39:31+00:00\",\"breadcrumb\":{\"@id\":\"https:\/\/www.twistiti.com\/fr\/#breadcrumb\"},\"inLanguage\":\"fr-FR\",\"potentialAction\":[{\"@type\":\"ReadAction\",\"target\":[\"https:\/\/www.twistiti.com\/fr\/\"]}]},{\"@type\":\"BreadcrumbList\",\"@id\":\"https:\/\/www.twistiti.com\/fr\/#breadcrumb\",\"itemListElement\":[{\"@type\":\"ListItem\",\"position\":1,\"name\":\"Home\",\"item\":\"https:\/\/www.twistiti.com\/fr\/\"},{\"@type\":\"ListItem\",\"position\":2,\"name\":\"L\u2019aventure Twistiti touche \u00e0 sa fin\"}]},{\"@type\":\"WebSite\",\"@id\":\"https:\/\/www.twistiti.com\/fr\/#website\",\"url\":\"https:\/\/www.twistiti.com\/fr\/\",\"name\":\"Twistiti: La montre p\u00e9dagogique qui apprend l&#039;heure \u00e0 vos enfants\",\"description\":\"Les montres pour enfants, solides et p\u00e9dagogiques\",\"publisher\":{\"@id\":\"https:\/\/www.twistiti.com\/fr\/#organization\"},\"potentialAction\":[{\"@type\":\"SearchAction\",\"target\":{\"@type\":\"EntryPoint\",\"urlTemplate\":\"https:\/\/www.twistiti.com\/fr\/?s={search_term_string}\"},\"query-input\":\"required name=search_term_string\"}],\"inLanguage\":\"fr-FR\"},{\"@type\":\"Organization\",\"@id\":\"https:\/\/www.twistiti.com\/fr\/#organization\",\"name\":\"Twistiti\",\"url\":\"https:\/\/www.twistiti.com\/fr\/\",\"logo\":{\"@type\":\"ImageObject\",\"inLanguage\":\"fr-FR\",\"@id\":\"https:\/\/www.twistiti.com\/fr\/#\/schema\/logo\/image\/\",\"url\":\"https:\/\/www.twistiti.com\/wp-content\/uploads\/2016\/09\/cropped-LogoWhiteBg.jpg\",\"contentUrl\":\"https:\/\/www.twistiti.com\/wp-content\/uploads\/2016\/09\/cropped-LogoWhiteBg.jpg\",\"width\":512,\"height\":512,\"caption\":\"Twistiti\"},\"image\":{\"@id\":\"https:\/\/www.twistiti.com\/fr\/#\/schema\/logo\/image\/\"},\"sameAs\":[\"https:\/\/www.facebook.com\/Twistiti\/\",\"https:\/\/www.instagram.com\/twistiti\/\",\"https:\/\/www.pinterest.com\/twistitiwatches\/\",\"https:\/\/www.youtube.com\/channel\/UCSJ3q7mMGL_9BODfmC0Bvkw\"]}]}<\/script>\n<!-- \/ Yoast SEO plugin. -->","yoast_head_json":{"title":"L\u2019aventure Twistiti touche \u00e0 sa fin - Twistiti: La montre p\u00e9dagogique qui apprend l&#039;heure \u00e0 vos enfants","robots":{"index":"index","follow":"follow","max-snippet":"max-snippet:-1","max-image-preview":"max-image-preview:large","max-video-preview":"max-video-preview:-1"},"canonical":"https:\/\/www.twistiti.com\/fr\/","og_locale":"fr_FR","og_type":"article","og_title":"L\u2019aventure Twistiti touche \u00e0 sa fin - Twistiti: La montre p\u00e9dagogique qui apprend l&#039;heure \u00e0 vos enfants","og_description":"Apr\u00e8s plusieurs ann\u00e9es d\u00e9di\u00e9es \u00e0 aider les enfants \u00e0 apprivoiser le temps de mani\u00e8re ludique et p\u00e9dagogique, nous avons pris la d\u00e9cision de mettre un terme \u00e0 l\u2019aventure Twistiti. Nous tenions \u00e0 vous remercier sinc\u00e8rement pour votre confiance, votre bienveillance et les nombreux t\u00e9moignages partag\u00e9s au fil des ann\u00e9es.Cette aventure humaine restera profond\u00e9ment marquante pour [&hellip;]","og_url":"https:\/\/www.twistiti.com\/fr\/","og_site_name":"Twistiti: La montre p\u00e9dagogique qui apprend l&#039;heure \u00e0 vos enfants","article_publisher":"https:\/\/www.facebook.com\/Twistiti\/","article_modified_time":"2026-01-05T11:39:31+00:00","og_image":[{"width":1200,"height":630,"url":"https:\/\/www.twistiti.com\/wp-content\/uploads\/2020\/06\/facebook_img.jpg","type":"image\/jpeg"}],"twitter_card":"summary_large_image","twitter_misc":{"Dur\u00e9e de lecture estim\u00e9e":"1 minute"},"schema":{"@context":"https:\/\/schema.org","@graph":[{"@type":"WebPage","@id":"https:\/\/www.twistiti.com\/fr\/","url":"https:\/\/www.twistiti.com\/fr\/","name":"L\u2019aventure Twistiti touche \u00e0 sa fin - Twistiti: La montre p\u00e9dagogique qui apprend l&#039;heure \u00e0 vos enfants","isPartOf":{"@id":"https:\/\/www.twistiti.com\/fr\/#website"},"datePublished":"2026-01-05T11:32:27+00:00","dateModified":"2026-01-05T11:39:31+00:00","breadcrumb":{"@id":"https:\/\/www.twistiti.com\/fr\/#breadcrumb"},"inLanguage":"fr-FR","potentialAction":[{"@type":"ReadAction","target":["https:\/\/www.twistiti.com\/fr\/"]}]},{"@type":"BreadcrumbList","@id":"https:\/\/www.twistiti.com\/fr\/#breadcrumb","itemListElement":[{"@type":"ListItem","position":1,"name":"Home","item":"https:\/\/www.twistiti.com\/fr\/"},{"@type":"ListItem","position":2,"name":"L\u2019aventure Twistiti touche \u00e0 sa fin"}]},{"@type":"WebSite","@id":"https:\/\/www.twistiti.com\/fr\/#website","url":"https:\/\/www.twistiti.com\/fr\/","name":"Twistiti: La montre p\u00e9dagogique qui apprend l&#039;heure \u00e0 vos enfants","description":"Les montres pour enfants, solides et p\u00e9dagogiques","publisher":{"@id":"https:\/\/www.twistiti.com\/fr\/#organization"},"potentialAction":[{"@type":"SearchAction","target":{"@type":"EntryPoint","urlTemplate":"https:\/\/www.twistiti.com\/fr\/?s={search_term_string}"},"query-input":"required name=search_term_string"}],"inLanguage":"fr-FR"},{"@type":"Organization","@id":"https:\/\/www.twistiti.com\/fr\/#organization","name":"Twistiti","url":"https:\/\/www.twistiti.com\/fr\/","logo":{"@type":"ImageObject","inLanguage":"fr-FR","@id":"https:\/\/www.twistiti.com\/fr\/#\/schema\/logo\/image\/","url":"https:\/\/www.twistiti.com\/wp-content\/uploads\/2016\/09\/cropped-LogoWhiteBg.jpg","contentUrl":"https:\/\/www.twistiti.com\/wp-content\/uploads\/2016\/09\/cropped-LogoWhiteBg.jpg","width":512,"height":512,"caption":"Twistiti"},"image":{"@id":"https:\/\/www.twistiti.com\/fr\/#\/schema\/logo\/image\/"},"sameAs":["https:\/\/www.facebook.com\/Twistiti\/","https:\/\/www.instagram.com\/twistiti\/","https:\/\/www.pinterest.com\/twistitiwatches\/","https:\/\/www.youtube.com\/channel\/UCSJ3q7mMGL_9BODfmC0Bvkw"]}]}},"_links":{"self":[{"href":"https:\/\/www.twistiti.com\/fr\/wp-json\/wp\/v2\/pages\/94201"}],"collection":[{"href":"https:\/\/www.twistiti.com\/fr\/wp-json\/wp\/v2\/pages"}],"about":[{"href":"https:\/\/www.twistiti.com\/fr\/wp-json\/wp\/v2\/types\/page"}],"author":[{"embeddable":true,"href":"https:\/\/www.twistiti.com\/fr\/wp-json\/wp\/v2\/users\/1"}],"replies":[{"embeddable":true,"href":"https:\/\/www.twistiti.com\/fr\/wp-json\/wp\/v2\/comments?post=94201"}],"version-history":[{"count":5,"href":"https:\/\/www.twistiti.com\/fr\/wp-json\/wp\/v2\/pages\/94201\/revisions"}],"predecessor-version":[{"id":94211,"href":"https:\/\/www.twistiti.com\/fr\/wp-json\/wp\/v2\/pages\/94201\/revisions\/94211"}],"wp:attachment":[{"href":"https:\/\/www.twistiti.com\/fr\/wp-json\/wp\/v2\/media?parent=94201"}],"curies":[{"name":"wp","href":"https:\/\/api.w.org\/{rel}","templated":true}]}}