{"id":40438,"date":"2020-06-15T12:00:54","date_gmt":"2020-06-15T12:00:54","guid":{"rendered":"https:\/\/twistiti.mvstud.io\/?page_id=40438"},"modified":"2020-11-18T10:26:20","modified_gmt":"2020-11-18T08:26:20","slug":"cookies","status":"publish","type":"page","link":"https:\/\/www.twistiti.com\/fr\/cookies\/","title":{"rendered":"Cookies"},"content":{"rendered":"\n<p><strong>Utilisation et gestion de \u00ab cookies \u00bb<\/strong><\/p>\n\n\n\n<p>Principes g\u00e9n\u00e9raux. Le pr\u00e9sent article donne des informations concernant l\u2019utilisation des cookies sur le site web.<\/p>\n\n\n\n<p>La pr\u00e9sente politique de gestion des cookies s\u2019applique au site web. Ceux-ci sont g\u00e9r\u00e9s par le responsable du traitement.<\/p>\n\n\n\n<p>Le site web utilise des cookies afin de rendre la navigation plus utile et fiable. Certains de ces cookies sont indispensables au fonctionnement du site web, d\u2019autres permettent d\u2019am\u00e9liorer l\u2019exp\u00e9rience de l\u2019utilisateur.<\/p>\n\n\n\n<p>La plupart des navigateurs web sont configur\u00e9s de mani\u00e8re \u00e0 accepter automatiquement les cookies. Si l\u2019utilisateur souhaite personnaliser leur gestion, il doit modifier les param\u00e8tres de son navigateur. Il trouvera d\u2019autres informations \u00e0 ce sujet au point \u00ab gestion des cookies \u00bb de la pr\u00e9sente disposition.<\/p>\n\n\n\n<p>En visitant et en utilisant le site web, l\u2019utilisateur marque express\u00e9ment son accord avec la gestion des cookies d\u00e9crite ci-apr\u00e8s.<\/p>\n\n\n\n<p><strong>D\u00e9finition des cookies<\/strong><\/p>\n\n\n\n<p>Un \u00ab cookie \u00bb est un fichier de donn\u00e9es ou de textes que le serveur d\u2019un site web enregistre de mani\u00e8re temporaire ou permanente sur l\u2019\u00e9quipement de l\u2019utilisateur (disque dur de l\u2019ordinateur, tablette, smartphone, ou tout autre appareil similaire) par l\u2019interm\u00e9diaire de son navigateur. Les cookies peuvent aussi \u00eatre install\u00e9s par des tiers avec lesquels le responsable du traitement collabore.<\/p>\n\n\n\n<p>Les cookies retiennent un certain nombre d\u2019informations, comme les pr\u00e9f\u00e9rences linguistiques des visiteurs ou le contenu de leur panier d\u2019achat. D\u2019autres cookies recueillent des statistiques quant aux utilisateurs d\u2019un site web ou veillent \u00e0 ce que les graphiques apparaissent correctement et que les applications fonctionnent bien sur le site web. D\u2019autres encore permettent d\u2019adapter le contenu et\/ou la publicit\u00e9 d\u2019un site web en fonction de l\u2019utilisateur.<\/p>\n\n\n\n<p><strong>Utilisation de cookies sur le site web<\/strong><\/p>\n\n\n\n<p>Le site web utilise diff\u00e9rents types de cookies :<\/p>\n\n\n\n<ul class=\"wp-block-list\"><li>Les cookies indispensables ou techniques : il s\u2019agit de cookies indispensables pour l\u2019exploitation du site web, permettant une bonne communication et destin\u00e9s \u00e0 faciliter la navigation ;<\/li><li>Les cookies statistiques ou analytiques : ces cookies permettent de reconna\u00eetre et de compter le nombre de visiteurs et de voir leur comportement de navigation lorsqu\u2019ils visitent le site web. Cela permet d\u2019am\u00e9liorer la navigation de l\u2019utilisateur et lui permet de trouver plus facilement ce qu\u2019il recherche ;<\/li><li>Les cookies fonctionnels : ces cookies permettent d\u2019activer des fonctionnalit\u00e9s sp\u00e9cifiques sur le site web afin d\u2019am\u00e9liorer la convivialit\u00e9 et l\u2019exp\u00e9rience de l\u2019utilisateur, notamment en se souvenant de ses choix de pr\u00e9f\u00e9rences (par exemple la langue) ;<\/li><li>Les cookies de performance : ces cookies collectent des informations relatives \u00e0 la mani\u00e8re dont les visiteurs utilisent le site web. Ils permettent d\u2019\u00e9valuer et d\u2019am\u00e9liorer le contenu et la performance du site web (par exemple en comptabilisant le nombre de visiteurs, en identifiant les pages ou les clics les plus populaires), et de mieux faire correspondre les propositions commerciales aux pr\u00e9f\u00e9rences personnelles de l\u2019utilisateur ;<\/li><li>Les cookies publicitaires ou commerciaux : il s\u2019agit de fichiers destin\u00e9s \u00e0 collecter des donn\u00e9es relatives au profil des visiteurs et susceptibles d\u2019\u00eatre install\u00e9s ou lus par des tiers avec lesquels le responsable du traitement collabore afin de mesurer l\u2019efficacit\u00e9 d\u2019une publicit\u00e9 ou d\u2019une page web et de mieux l\u2019adapter aux centres d\u2019int\u00e9r\u00eat de l\u2019utilisateur ;<\/li><li>Les cookies de tra\u00e7age : le site web utilise des cookies de tra\u00e7age via Google Analytics, dans le but d\u2019aider le responsable du traitement \u00e0 mesurer les mani\u00e8res d\u2019interagir des utilisateurs avec le contenu du site web, et qui g\u00e9n\u00e8re les statistiques de visite de mani\u00e8re strictement anonyme. Ces statistiques permettent continuellement d\u2019am\u00e9liorer le site web et d\u2019offrir \u00e0 l\u2019utilisateur un contenu pertinent. Le responsable du traitement utilise Google Analytics pour avoir un aper\u00e7u du trafic sur le site web, l\u2019origine de ce trafic et les pages visit\u00e9es. Ceci signifie que Google agit en tant que sous-traitant. L\u2019information recueillie par Google Analytics est g\u00e9n\u00e9r\u00e9e le plus anonymement possible. Par exemple, il n\u2019est pas possible d\u2019identifier les personnes qui visitent le site web. Pour de plus amples informations, l\u2019utilisateur est invit\u00e9 \u00e0 consulter la politique de Google en mati\u00e8re de protection des donn\u00e9es, disponible \u00e0 l\u2019adresse suivante : http:\/\/www.google.nl\/intl\/en_uk\/policies\/privacy\/<\/li><\/ul>\n\n\n\n<p>Le responsable du traitement est \u00e9galement susceptible de se servir de cookies et de balises pour collecter des informations sur les habitudes de surf des utilisateurs sur les divers sites web et applications appartenant \u00e0 son r\u00e9seau publicitaire.<\/p>\n\n\n\n<p>Une balise est un fichier image invisible qui suit la navigation de l\u2019utilisateur sur un ou plusieurs sites web et\/ou applications. Par ailleurs, d\u2019autres cookies commerciaux peuvent \u00eatre install\u00e9s par les annonceurs lors de la diffusion de leur annonce.<\/p>\n\n\n\n<p>Les cookies commerciaux ne contiennent pas de donn\u00e9es \u00e0 caract\u00e8re personnel. Les informations collect\u00e9es \u00e0 l\u2019aide des cookies commerciaux et des balises sont utilis\u00e9es pour mesurer l\u2019efficacit\u00e9 de la publicit\u00e9 et mieux personnaliser la publicit\u00e9 sur le site web et sur d\u2019autres sites web appartenant au r\u00e9seau publicitaire ou pour lesquels le responsable du traitement fournit des services de publicit\u00e9.<\/p>\n\n\n\n<p>Le d\u00e9lai de conservation des cookies varie en fonction de leur type : les cookies indispensables sont g\u00e9n\u00e9ralement conserv\u00e9s jusqu\u2019\u00e0 la fermeture du navigateur, tandis que les cookies fonctionnels restent valides 1 an et les cookies de performance, 4 ans.<\/p>\n\n\n\n<p>Le responsable du traitement autorise les moteurs de recherche publics \u00e0 visiter le site web via les \u2018spiders\u2019 avec pour unique but de rendre l\u2019acc\u00e8s et le contenu du site web accessibles via leurs moteurs de recherche, sans que le responsable du traitement n\u2019accorde le droit de proc\u00e9der \u00e0 l\u2019archivage du site web. Le responsable du traitement se r\u00e9serve le droit de retirer \u00e0 tout moment l\u2019autorisation telle que formul\u00e9e dans cet article.<\/p>\n\n\n\n<p>Pour faire des offres susceptibles d\u2019int\u00e9resser l\u2019utilisateur, le responsable du traitement est susceptible de conclure des accords avec des r\u00e9gies publicitaires sur internet. Elles ont re\u00e7u de de la part du responsable de traitement l\u2019autorisation de placer des annonces publicitaires sur le site web. Lorsque l\u2019utilisateur visite le site web, les r\u00e9gies publicitaires peuvent \u00e9galement r\u00e9colter des informations.<\/p>\n\n\n\n<p><strong>Gestion des cookies<\/strong><\/p>\n\n\n\n<p>La plupart des navigateurs sont configur\u00e9s de mani\u00e8re \u00e0 accepter automatiquement les cookies, mais tous permettent de personnaliser les param\u00e8tres en fonction des pr\u00e9f\u00e9rences de l\u2019utilisateur.<\/p>\n\n\n\n<p>Si l\u2019utilisateur ne souhaite pas que le site web place des cookies sur son ordinateur \/ appareil mobile, il peut facilement les g\u00e9rer ou les supprimer en modifiant les param\u00e8tres de son navigateur. L\u2019utilisateur peut \u00e9galement programmer son navigateur pour qu\u2019il lui envoie un avis lorsqu\u2019il re\u00e7oit un cookie et ainsi d\u00e9cider de l\u2019accepter ou non.<\/p>\n\n\n\n<p>Si l\u2019utilisateur souhaite bloquer et\/ou g\u00e9rer certains cookies, il peut le faire en suivant le lien li\u00e9 \u00e0 son navigateur :<\/p>\n\n\n\n<ul class=\"wp-block-list\"><li>Internet Explorer: http:\/\/windows.microsoft.com\/en-us\/windows-vista\/block-or-allow-cookies<\/li><li>Chrome: https:\/\/support.google.com\/accounts\/answer\/61416?hl=en<\/li><li>Firefox: https:\/\/support.mozilla.org\/en-US\/kb\/enable-and-disable-cookies-website-preferences<\/li><li>Safari: http:\/\/support.apple.com\/kb\/PH5042<\/li><\/ul>\n\n\n\n<p>Si l\u2019utilisateur ne souhaite pas accepter les cookies de Google Analytics, il peut l\u2019indiquer via le message concernant les cookies qui apparait lors de sa premi\u00e8re visite sur le site web ou en personnalisant les r\u00e9glages de son navigateur de mani\u00e8re \u00e0 ce qu\u2019il refuse les cookies.<\/p>\n\n\n\n<p>Pour ne plus \u00eatre trac\u00e9 par Google Analytics sur aucun site web, l\u2019utilisateur est invit\u00e9 \u00e0 consulter le site web suivant : http:\/\/tools.google.com\/dlpage\/gaoptout Dans l\u2019hypoth\u00e8se o\u00f9 l\u2019utilisateur d\u00e9sactive certains cookies, il est possible que certaines parties du site web ne soient pas consultables et\/ou utilisables, ou qu\u2019elles le soient seulement partiellement.<\/p>\n\n\n\n<p>Nous demandons \u00e0 <a href=\"https:\/\/www.datatrics.com\/\">Datatrics<\/a> de placer des cookies afin de suivre les visiteurs au cours de leurs diff\u00e9rentes visites et ainsi de visualiser le parcours du client.<\/p>\n\n\n\n<p>Si le pixel Facebook Ads et\/ou le pixel Google Adwords\/Facebook Connect\/ Facebook Custom\/DoubleClick\/LinkedIn Ads Pixel\/LinkedIn Analytics\/Twitter Advertising\/Google tag manager\/Google analytics est pr\u00e9sent sur la page concern\u00e9e, Datatrics enverra un certain nombre de valeurs (le segment auquel appartient un utilisateur et la phase o\u00f9 le visiteur se trouve dans le customer journey) \u00e0 ce pixel, afin que nous puissions vous montrer un contenu plus pertinent sur notre site web.<\/p>\n\n\n\n<p>Nous avons conclu un accord de traitement avec Datatrics.<\/p>\n","protected":false},"excerpt":{"rendered":"<p>Utilisation et gestion de \u00ab cookies \u00bb Principes g\u00e9n\u00e9raux. Le pr\u00e9sent article donne des informations concernant l\u2019utilisation des cookies sur le site web. La pr\u00e9sente politique de gestion des cookies s\u2019applique au site web. Ceux-ci sont g\u00e9r\u00e9s par le responsable du traitement. Le site web utilise des cookies afin de rendre la navigation plus utile [&hellip;]<\/p>\n","protected":false},"author":1,"featured_media":0,"parent":0,"menu_order":0,"comment_status":"closed","ping_status":"closed","template":"page-templates\/default.php","meta":{"_acf_changed":false,"footnotes":""},"class_list":["post-40438","page","type-page","status-publish","hentry"],"acf":[],"yoast_head":"<!-- This site is optimized with the Yoast SEO plugin v22.0 - https:\/\/yoast.com\/wordpress\/plugins\/seo\/ -->\n<title>Cookies - Twistiti: La montre p\u00e9dagogique qui apprend l&#039;heure \u00e0 vos enfants<\/title>\n<meta name=\"robots\" content=\"index, follow, max-snippet:-1, max-image-preview:large, max-video-preview:-1\" \/>\n<link rel=\"canonical\" href=\"https:\/\/www.twistiti.com\/fr\/cookies\/\" \/>\n<meta property=\"og:locale\" content=\"fr_FR\" \/>\n<meta property=\"og:type\" content=\"article\" \/>\n<meta property=\"og:title\" content=\"Cookies - Twistiti: La montre p\u00e9dagogique qui apprend l&#039;heure \u00e0 vos enfants\" \/>\n<meta property=\"og:description\" content=\"Utilisation et gestion de \u00ab cookies \u00bb Principes g\u00e9n\u00e9raux. Le pr\u00e9sent article donne des informations concernant l\u2019utilisation des cookies sur le site web. La pr\u00e9sente politique de gestion des cookies s\u2019applique au site web. Ceux-ci sont g\u00e9r\u00e9s par le responsable du traitement. Le site web utilise des cookies afin de rendre la navigation plus utile [&hellip;]\" \/>\n<meta property=\"og:url\" content=\"https:\/\/www.twistiti.com\/fr\/cookies\/\" \/>\n<meta property=\"og:site_name\" content=\"Twistiti: La montre p\u00e9dagogique qui apprend l&#039;heure \u00e0 vos enfants\" \/>\n<meta property=\"article:publisher\" content=\"https:\/\/www.facebook.com\/Twistiti\/\" \/>\n<meta property=\"article:modified_time\" content=\"2020-11-18T08:26:20+00:00\" \/>\n<meta property=\"og:image\" content=\"https:\/\/www.twistiti.com\/wp-content\/uploads\/2020\/06\/facebook_img.jpg\" \/>\n\t<meta property=\"og:image:width\" content=\"1200\" \/>\n\t<meta property=\"og:image:height\" content=\"630\" \/>\n\t<meta property=\"og:image:type\" content=\"image\/jpeg\" \/>\n<meta name=\"twitter:card\" content=\"summary_large_image\" \/>\n<meta name=\"twitter:label1\" content=\"Dur\u00e9e de lecture estim\u00e9e\" \/>\n\t<meta name=\"twitter:data1\" content=\"7 minutes\" \/>\n<script type=\"application\/ld+json\" class=\"yoast-schema-graph\">{\"@context\":\"https:\/\/schema.org\",\"@graph\":[{\"@type\":\"WebPage\",\"@id\":\"https:\/\/www.twistiti.com\/fr\/cookies\/\",\"url\":\"https:\/\/www.twistiti.com\/fr\/cookies\/\",\"name\":\"Cookies - Twistiti: La montre p\u00e9dagogique qui apprend l&#039;heure \u00e0 vos enfants\",\"isPartOf\":{\"@id\":\"https:\/\/www.twistiti.com\/fr\/#website\"},\"datePublished\":\"2020-06-15T12:00:54+00:00\",\"dateModified\":\"2020-11-18T08:26:20+00:00\",\"breadcrumb\":{\"@id\":\"https:\/\/www.twistiti.com\/fr\/cookies\/#breadcrumb\"},\"inLanguage\":\"fr-FR\",\"potentialAction\":[{\"@type\":\"ReadAction\",\"target\":[\"https:\/\/www.twistiti.com\/fr\/cookies\/\"]}]},{\"@type\":\"BreadcrumbList\",\"@id\":\"https:\/\/www.twistiti.com\/fr\/cookies\/#breadcrumb\",\"itemListElement\":[{\"@type\":\"ListItem\",\"position\":1,\"name\":\"Home\",\"item\":\"https:\/\/www.twistiti.com\/fr\/\"},{\"@type\":\"ListItem\",\"position\":2,\"name\":\"Cookies\"}]},{\"@type\":\"WebSite\",\"@id\":\"https:\/\/www.twistiti.com\/fr\/#website\",\"url\":\"https:\/\/www.twistiti.com\/fr\/\",\"name\":\"Twistiti: La montre p\u00e9dagogique qui apprend l&#039;heure \u00e0 vos enfants\",\"description\":\"Les montres pour enfants, solides et p\u00e9dagogiques\",\"publisher\":{\"@id\":\"https:\/\/www.twistiti.com\/fr\/#organization\"},\"potentialAction\":[{\"@type\":\"SearchAction\",\"target\":{\"@type\":\"EntryPoint\",\"urlTemplate\":\"https:\/\/www.twistiti.com\/fr\/?s={search_term_string}\"},\"query-input\":\"required name=search_term_string\"}],\"inLanguage\":\"fr-FR\"},{\"@type\":\"Organization\",\"@id\":\"https:\/\/www.twistiti.com\/fr\/#organization\",\"name\":\"Twistiti\",\"url\":\"https:\/\/www.twistiti.com\/fr\/\",\"logo\":{\"@type\":\"ImageObject\",\"inLanguage\":\"fr-FR\",\"@id\":\"https:\/\/www.twistiti.com\/fr\/#\/schema\/logo\/image\/\",\"url\":\"https:\/\/www.twistiti.com\/wp-content\/uploads\/2016\/09\/cropped-LogoWhiteBg.jpg\",\"contentUrl\":\"https:\/\/www.twistiti.com\/wp-content\/uploads\/2016\/09\/cropped-LogoWhiteBg.jpg\",\"width\":512,\"height\":512,\"caption\":\"Twistiti\"},\"image\":{\"@id\":\"https:\/\/www.twistiti.com\/fr\/#\/schema\/logo\/image\/\"},\"sameAs\":[\"https:\/\/www.facebook.com\/Twistiti\/\",\"https:\/\/www.instagram.com\/twistiti\/\",\"https:\/\/www.pinterest.com\/twistitiwatches\/\",\"https:\/\/www.youtube.com\/channel\/UCSJ3q7mMGL_9BODfmC0Bvkw\"]}]}<\/script>\n<!-- \/ Yoast SEO plugin. -->","yoast_head_json":{"title":"Cookies - Twistiti: La montre p\u00e9dagogique qui apprend l&#039;heure \u00e0 vos enfants","robots":{"index":"index","follow":"follow","max-snippet":"max-snippet:-1","max-image-preview":"max-image-preview:large","max-video-preview":"max-video-preview:-1"},"canonical":"https:\/\/www.twistiti.com\/fr\/cookies\/","og_locale":"fr_FR","og_type":"article","og_title":"Cookies - Twistiti: La montre p\u00e9dagogique qui apprend l&#039;heure \u00e0 vos enfants","og_description":"Utilisation et gestion de \u00ab cookies \u00bb Principes g\u00e9n\u00e9raux. Le pr\u00e9sent article donne des informations concernant l\u2019utilisation des cookies sur le site web. La pr\u00e9sente politique de gestion des cookies s\u2019applique au site web. Ceux-ci sont g\u00e9r\u00e9s par le responsable du traitement. Le site web utilise des cookies afin de rendre la navigation plus utile [&hellip;]","og_url":"https:\/\/www.twistiti.com\/fr\/cookies\/","og_site_name":"Twistiti: La montre p\u00e9dagogique qui apprend l&#039;heure \u00e0 vos enfants","article_publisher":"https:\/\/www.facebook.com\/Twistiti\/","article_modified_time":"2020-11-18T08:26:20+00:00","og_image":[{"width":1200,"height":630,"url":"https:\/\/www.twistiti.com\/wp-content\/uploads\/2020\/06\/facebook_img.jpg","type":"image\/jpeg"}],"twitter_card":"summary_large_image","twitter_misc":{"Dur\u00e9e de lecture estim\u00e9e":"7 minutes"},"schema":{"@context":"https:\/\/schema.org","@graph":[{"@type":"WebPage","@id":"https:\/\/www.twistiti.com\/fr\/cookies\/","url":"https:\/\/www.twistiti.com\/fr\/cookies\/","name":"Cookies - Twistiti: La montre p\u00e9dagogique qui apprend l&#039;heure \u00e0 vos enfants","isPartOf":{"@id":"https:\/\/www.twistiti.com\/fr\/#website"},"datePublished":"2020-06-15T12:00:54+00:00","dateModified":"2020-11-18T08:26:20+00:00","breadcrumb":{"@id":"https:\/\/www.twistiti.com\/fr\/cookies\/#breadcrumb"},"inLanguage":"fr-FR","potentialAction":[{"@type":"ReadAction","target":["https:\/\/www.twistiti.com\/fr\/cookies\/"]}]},{"@type":"BreadcrumbList","@id":"https:\/\/www.twistiti.com\/fr\/cookies\/#breadcrumb","itemListElement":[{"@type":"ListItem","position":1,"name":"Home","item":"https:\/\/www.twistiti.com\/fr\/"},{"@type":"ListItem","position":2,"name":"Cookies"}]},{"@type":"WebSite","@id":"https:\/\/www.twistiti.com\/fr\/#website","url":"https:\/\/www.twistiti.com\/fr\/","name":"Twistiti: La montre p\u00e9dagogique qui apprend l&#039;heure \u00e0 vos enfants","description":"Les montres pour enfants, solides et p\u00e9dagogiques","publisher":{"@id":"https:\/\/www.twistiti.com\/fr\/#organization"},"potentialAction":[{"@type":"SearchAction","target":{"@type":"EntryPoint","urlTemplate":"https:\/\/www.twistiti.com\/fr\/?s={search_term_string}"},"query-input":"required name=search_term_string"}],"inLanguage":"fr-FR"},{"@type":"Organization","@id":"https:\/\/www.twistiti.com\/fr\/#organization","name":"Twistiti","url":"https:\/\/www.twistiti.com\/fr\/","logo":{"@type":"ImageObject","inLanguage":"fr-FR","@id":"https:\/\/www.twistiti.com\/fr\/#\/schema\/logo\/image\/","url":"https:\/\/www.twistiti.com\/wp-content\/uploads\/2016\/09\/cropped-LogoWhiteBg.jpg","contentUrl":"https:\/\/www.twistiti.com\/wp-content\/uploads\/2016\/09\/cropped-LogoWhiteBg.jpg","width":512,"height":512,"caption":"Twistiti"},"image":{"@id":"https:\/\/www.twistiti.com\/fr\/#\/schema\/logo\/image\/"},"sameAs":["https:\/\/www.facebook.com\/Twistiti\/","https:\/\/www.instagram.com\/twistiti\/","https:\/\/www.pinterest.com\/twistitiwatches\/","https:\/\/www.youtube.com\/channel\/UCSJ3q7mMGL_9BODfmC0Bvkw"]}]}},"_links":{"self":[{"href":"https:\/\/www.twistiti.com\/fr\/wp-json\/wp\/v2\/pages\/40438"}],"collection":[{"href":"https:\/\/www.twistiti.com\/fr\/wp-json\/wp\/v2\/pages"}],"about":[{"href":"https:\/\/www.twistiti.com\/fr\/wp-json\/wp\/v2\/types\/page"}],"author":[{"embeddable":true,"href":"https:\/\/www.twistiti.com\/fr\/wp-json\/wp\/v2\/users\/1"}],"replies":[{"embeddable":true,"href":"https:\/\/www.twistiti.com\/fr\/wp-json\/wp\/v2\/comments?post=40438"}],"version-history":[{"count":2,"href":"https:\/\/www.twistiti.com\/fr\/wp-json\/wp\/v2\/pages\/40438\/revisions"}],"predecessor-version":[{"id":53254,"href":"https:\/\/www.twistiti.com\/fr\/wp-json\/wp\/v2\/pages\/40438\/revisions\/53254"}],"wp:attachment":[{"href":"https:\/\/www.twistiti.com\/fr\/wp-json\/wp\/v2\/media?parent=40438"}],"curies":[{"name":"wp","href":"https:\/\/api.w.org\/{rel}","templated":true}]}}